{"id":1842,"date":"2020-10-17T12:08:31","date_gmt":"2020-10-17T10:08:31","guid":{"rendered":"https:\/\/mebelunams.lv\/?post_type=product&#038;p=1842"},"modified":"2022-01-05T06:02:44","modified_gmt":"2022-01-05T04:02:44","slug":"koka-naktsskapitis-3a-eko","status":"publish","type":"product","link":"https:\/\/mebelunams.lv\/?product=koka-naktsskapitis-3a-eko","title":{"rendered":"koka naktsskap\u012btis 3A EKO"},"content":{"rendered":"","protected":false},"excerpt":{"rendered":"<p><strong>Augstums:<\/strong>\u00a060 cm<br \/>\n<strong>Platums:<\/strong>\u00a045.5 cm<br \/>\n<strong>Dzi\u013cums:<\/strong>\u00a049 cm<br \/>\n<strong>Kr\u0101sa:<\/strong> alksnis<br \/>\n<strong>Materi\u0101ls:<\/strong>\u00a0koks (alksnis)<br \/>\n<strong>Vadotnes:<\/strong>\u00a0rull\u012b\u0161u meh\u0101nisms<\/p>\n<p>iesp\u0113ja pas\u016bt\u012bt cit\u0101s kr\u0101s\u0101s:<\/p>\n<p>&nbsp;<\/p>\n<p>rieksta tonis +15%<\/p>\n<p>piena tonis +20%<\/p>\n<p>mahagona tonis +30%<\/p>\n","protected":false},"featured_media":6648,"template":"","meta":{"neve_meta_sidebar":"","neve_meta_container":"","neve_meta_enable_content_width":"off","neve_meta_content_width":70,"neve_meta_title_alignment":"","neve_meta_author_avatar":"","neve_post_elements_order":"","neve_meta_disable_header":"","neve_meta_disable_footer":"","neve_meta_disable_title":""},"product_cat":[88],"product_tag":[],"_links":{"self":[{"href":"https:\/\/mebelunams.lv\/index.php?rest_route=\/wp\/v2\/product\/1842"}],"collection":[{"href":"https:\/\/mebelunams.lv\/index.php?rest_route=\/wp\/v2\/product"}],"about":[{"href":"https:\/\/mebelunams.lv\/index.php?rest_route=\/wp\/v2\/types\/product"}],"wp:featuredmedia":[{"embeddable":true,"href":"https:\/\/mebelunams.lv\/index.php?rest_route=\/wp\/v2\/media\/6648"}],"wp:attachment":[{"href":"https:\/\/mebelunams.lv\/index.php?rest_route=%2Fwp%2Fv2%2Fmedia&parent=1842"}],"wp:term":[{"taxonomy":"product_cat","embeddable":true,"href":"https:\/\/mebelunams.lv\/index.php?rest_route=%2Fwp%2Fv2%2Fproduct_cat&post=1842"},{"taxonomy":"product_tag","embeddable":true,"href":"https:\/\/mebelunams.lv\/index.php?rest_route=%2Fwp%2Fv2%2Fproduct_tag&post=1842"}],"curies":[{"name":"wp","href":"https:\/\/api.w.org\/{rel}","templated":true}]}}