{"id":18338,"date":"2025-02-09T10:47:46","date_gmt":"2025-02-09T08:47:46","guid":{"rendered":"https:\/\/mebelunams.lv\/?post_type=product&#038;p=18338"},"modified":"2025-09-01T11:54:13","modified_gmt":"2025-09-01T09:54:13","slug":"divans-roma","status":"publish","type":"product","link":"https:\/\/mebelunams.lv\/?product=divans-roma","title":{"rendered":"d\u012bv\u0101ns Roma"},"content":{"rendered":"","protected":false},"excerpt":{"rendered":"<div><strong>Gu\u013cam\u0101 plat\u012bba:<\/strong> 130 x 190 cm<\/div>\n<div><strong>Augstums<\/strong>: 88 cm<\/div>\n<div><strong>Platums<\/strong>: 220 cm<\/div>\n<div><strong>Dzi\u013cums<\/strong>: 87 cm<\/div>\n<div><strong>Materi\u0101ls<\/strong>: koks, audums<\/div>\n<div>Cena var at\u0161\u0137irties no izv\u0113l\u0113t\u0101s auduma kategorijas.<\/div>\n","protected":false},"featured_media":18340,"template":"","meta":{"neve_meta_sidebar":"","neve_meta_container":"","neve_meta_enable_content_width":"off","neve_meta_content_width":100,"neve_meta_title_alignment":"","neve_meta_author_avatar":"","neve_post_elements_order":"","neve_meta_disable_header":"","neve_meta_disable_footer":"","neve_meta_disable_title":""},"product_cat":[57],"product_tag":[],"_links":{"self":[{"href":"https:\/\/mebelunams.lv\/index.php?rest_route=\/wp\/v2\/product\/18338"}],"collection":[{"href":"https:\/\/mebelunams.lv\/index.php?rest_route=\/wp\/v2\/product"}],"about":[{"href":"https:\/\/mebelunams.lv\/index.php?rest_route=\/wp\/v2\/types\/product"}],"wp:featuredmedia":[{"embeddable":true,"href":"https:\/\/mebelunams.lv\/index.php?rest_route=\/wp\/v2\/media\/18340"}],"wp:attachment":[{"href":"https:\/\/mebelunams.lv\/index.php?rest_route=%2Fwp%2Fv2%2Fmedia&parent=18338"}],"wp:term":[{"taxonomy":"product_cat","embeddable":true,"href":"https:\/\/mebelunams.lv\/index.php?rest_route=%2Fwp%2Fv2%2Fproduct_cat&post=18338"},{"taxonomy":"product_tag","embeddable":true,"href":"https:\/\/mebelunams.lv\/index.php?rest_route=%2Fwp%2Fv2%2Fproduct_tag&post=18338"}],"curies":[{"name":"wp","href":"https:\/\/api.w.org\/{rel}","templated":true}]}}