{"id":1831,"date":"2020-10-17T12:01:19","date_gmt":"2020-10-17T10:01:19","guid":{"rendered":"https:\/\/mebelunams.lv\/?post_type=product&#038;p=1831"},"modified":"2021-12-19T15:09:52","modified_gmt":"2021-12-19T13:09:52","slug":"koka-naktsskapitis-3c-eko","status":"publish","type":"product","link":"https:\/\/mebelunams.lv\/?product=koka-naktsskapitis-3c-eko","title":{"rendered":"koka naktsskap\u012btis 3C EKO"},"content":{"rendered":"","protected":false},"excerpt":{"rendered":"<p><strong>Augstums:\u00a0<\/strong>60 cm<br \/>\n<strong>Platums:<\/strong>\u00a085.5 cm<br \/>\n<strong>Dzi\u013cums:<\/strong>\u00a049 cm<br \/>\n<strong>Materi\u0101ls:<\/strong>\u00a0koks (melnalksnis)<br \/>\n<strong>Kr\u0101sa:\u00a0<\/strong>alksnis<\/p>\n<p>iesp\u0113ja pas\u016bt\u012bt cit\u0101s kr\u0101s\u0101s:<\/p>\n<p>&nbsp;<\/p>\n<p>rieksta tonis +15%<\/p>\n<p>piena tonis +20%<\/p>\n<p>mahagona tonis +30%<\/p>\n","protected":false},"featured_media":6666,"template":"","meta":{"neve_meta_sidebar":"","neve_meta_container":"","neve_meta_enable_content_width":"off","neve_meta_content_width":70,"neve_meta_title_alignment":"","neve_meta_author_avatar":"","neve_post_elements_order":"","neve_meta_disable_header":"","neve_meta_disable_footer":"","neve_meta_disable_title":""},"product_cat":[88],"product_tag":[],"_links":{"self":[{"href":"https:\/\/mebelunams.lv\/index.php?rest_route=\/wp\/v2\/product\/1831"}],"collection":[{"href":"https:\/\/mebelunams.lv\/index.php?rest_route=\/wp\/v2\/product"}],"about":[{"href":"https:\/\/mebelunams.lv\/index.php?rest_route=\/wp\/v2\/types\/product"}],"wp:featuredmedia":[{"embeddable":true,"href":"https:\/\/mebelunams.lv\/index.php?rest_route=\/wp\/v2\/media\/6666"}],"wp:attachment":[{"href":"https:\/\/mebelunams.lv\/index.php?rest_route=%2Fwp%2Fv2%2Fmedia&parent=1831"}],"wp:term":[{"taxonomy":"product_cat","embeddable":true,"href":"https:\/\/mebelunams.lv\/index.php?rest_route=%2Fwp%2Fv2%2Fproduct_cat&post=1831"},{"taxonomy":"product_tag","embeddable":true,"href":"https:\/\/mebelunams.lv\/index.php?rest_route=%2Fwp%2Fv2%2Fproduct_tag&post=1831"}],"curies":[{"name":"wp","href":"https:\/\/api.w.org\/{rel}","templated":true}]}}