{"id":18292,"date":"2025-01-07T21:13:47","date_gmt":"2025-01-07T19:13:47","guid":{"rendered":"https:\/\/mebelunams.lv\/?post_type=product&#038;p=18292"},"modified":"2025-07-17T10:40:21","modified_gmt":"2025-07-17T08:40:21","slug":"gulta-osi-160x200","status":"publish","type":"product","link":"https:\/\/mebelunams.lv\/?product=gulta-osi-160x200","title":{"rendered":"gulta SELESTA 160\u00d7200"},"content":{"rendered":"","protected":false},"excerpt":{"rendered":"<p><strong>Platums<\/strong>: 179 cm<\/p>\n<p><strong>Garums<\/strong>: 236 cm<\/p>\n<p><strong>Augstums<\/strong>: 120 cm<\/p>\n<p><strong>Svars<\/strong>: 94 kg<\/p>\n<p>Gultas SELESTA dizains lieliski apvieno eleganci un funkcionalit\u0101ti. T\u0101 iztur\u012bgais koka r\u0101mis nodro\u0161ina uzticam\u012bbu un iztur\u012bbu. Augsta bl\u012bvuma poliuret\u0101na putas un Linie auduma apdare nodro\u0161ina \u0113rtu virsmu atp\u016btai.<\/p>\n<p>Ekskluz\u012bvs dizains ar met\u0101la stiprin\u0101jumiem un taisn\u0101m l\u012bst\u0113m nodro\u0161ina stabilu atbalstu un papildu komfortu gu\u013cot. SELESTA gulta ir apr\u012bkota ar\u012b ar pacel\u0161anas meh\u0101nismu, kas \u013cauj \u0113rti un \u0113rti izmantot vietu zem gultas glab\u0101\u0161anai.<\/p>\n<p>Elegants dizains un jaunas tehnolo\u0123ijas ir padar\u012bju\u0161as SELESTA gultu par ide\u0101lu izv\u0113li tiem, kas nov\u0113rt\u0113 kvalit\u0101ti un stilu katr\u0101 interjera deta\u013c\u0101<\/p>\n<p>Cena gultai bez matra\u010da.<\/p>\n","protected":false},"featured_media":19039,"template":"","meta":{"neve_meta_sidebar":"","neve_meta_container":"","neve_meta_enable_content_width":"off","neve_meta_content_width":100,"neve_meta_title_alignment":"","neve_meta_author_avatar":"","neve_post_elements_order":"","neve_meta_disable_header":"","neve_meta_disable_footer":"","neve_meta_disable_title":""},"product_cat":[38,42],"product_tag":[],"_links":{"self":[{"href":"https:\/\/mebelunams.lv\/index.php?rest_route=\/wp\/v2\/product\/18292"}],"collection":[{"href":"https:\/\/mebelunams.lv\/index.php?rest_route=\/wp\/v2\/product"}],"about":[{"href":"https:\/\/mebelunams.lv\/index.php?rest_route=\/wp\/v2\/types\/product"}],"wp:featuredmedia":[{"embeddable":true,"href":"https:\/\/mebelunams.lv\/index.php?rest_route=\/wp\/v2\/media\/19039"}],"wp:attachment":[{"href":"https:\/\/mebelunams.lv\/index.php?rest_route=%2Fwp%2Fv2%2Fmedia&parent=18292"}],"wp:term":[{"taxonomy":"product_cat","embeddable":true,"href":"https:\/\/mebelunams.lv\/index.php?rest_route=%2Fwp%2Fv2%2Fproduct_cat&post=18292"},{"taxonomy":"product_tag","embeddable":true,"href":"https:\/\/mebelunams.lv\/index.php?rest_route=%2Fwp%2Fv2%2Fproduct_tag&post=18292"}],"curies":[{"name":"wp","href":"https:\/\/api.w.org\/{rel}","templated":true}]}}