{"id":1815,"date":"2020-10-17T11:36:37","date_gmt":"2020-10-17T09:36:37","guid":{"rendered":"https:\/\/mebelunams.lv\/?post_type=product&#038;p=1815"},"modified":"2025-08-20T18:25:58","modified_gmt":"2025-08-20T16:25:58","slug":"naktsskapitis-fantazija","status":"publish","type":"product","link":"https:\/\/mebelunams.lv\/?product=naktsskapitis-fantazija","title":{"rendered":"naktsskap\u012btis Fant\u0101zija"},"content":{"rendered":"","protected":false},"excerpt":{"rendered":"<p>Augstums: 45 cm<br \/>\nPlatums: 44 cm<br \/>\nDzi\u013cums: 32 cm<br \/>\nMateri\u0101ls: dab\u012bgs b\u0113rzs<br \/>\nPieejama \u0161\u0101dos kr\u0101su to\u0146os: Dab\u012bgi lakota; Balin\u0101ta (piens); Medus; Buks; Ozols; Gai\u0161s rieksts, Tum\u0161s rieksts, Sarkankoks (mahagons), k\u0101 ar\u012b citos p\u0113c pas\u016bt\u012bjuma.<\/p>\n<p>&nbsp;<\/p>\n","protected":false},"featured_media":6682,"template":"","meta":{"neve_meta_sidebar":"","neve_meta_container":"","neve_meta_enable_content_width":"off","neve_meta_content_width":70,"neve_meta_title_alignment":"","neve_meta_author_avatar":"","neve_post_elements_order":"","neve_meta_disable_header":"","neve_meta_disable_footer":"","neve_meta_disable_title":""},"product_cat":[88],"product_tag":[],"_links":{"self":[{"href":"https:\/\/mebelunams.lv\/index.php?rest_route=\/wp\/v2\/product\/1815"}],"collection":[{"href":"https:\/\/mebelunams.lv\/index.php?rest_route=\/wp\/v2\/product"}],"about":[{"href":"https:\/\/mebelunams.lv\/index.php?rest_route=\/wp\/v2\/types\/product"}],"wp:featuredmedia":[{"embeddable":true,"href":"https:\/\/mebelunams.lv\/index.php?rest_route=\/wp\/v2\/media\/6682"}],"wp:attachment":[{"href":"https:\/\/mebelunams.lv\/index.php?rest_route=%2Fwp%2Fv2%2Fmedia&parent=1815"}],"wp:term":[{"taxonomy":"product_cat","embeddable":true,"href":"https:\/\/mebelunams.lv\/index.php?rest_route=%2Fwp%2Fv2%2Fproduct_cat&post=1815"},{"taxonomy":"product_tag","embeddable":true,"href":"https:\/\/mebelunams.lv\/index.php?rest_route=%2Fwp%2Fv2%2Fproduct_tag&post=1815"}],"curies":[{"name":"wp","href":"https:\/\/api.w.org\/{rel}","templated":true}]}}