{"id":1811,"date":"2020-10-17T11:32:19","date_gmt":"2020-10-17T09:32:19","guid":{"rendered":"https:\/\/mebelunams.lv\/?post_type=product&#038;p=1811"},"modified":"2025-08-20T18:04:29","modified_gmt":"2025-08-20T16:04:29","slug":"naktsskapitis-elegance","status":"publish","type":"product","link":"https:\/\/mebelunams.lv\/?product=naktsskapitis-elegance","title":{"rendered":"naktsskap\u012btis Elegance"},"content":{"rendered":"","protected":false},"excerpt":{"rendered":"<p>Augstums: 50 cm<br \/>\nPlatums: 50 cm<br \/>\nDzi\u013cums: 37 cm<br \/>\nMateri\u0101ls: dab\u012bgs b\u0113rzs<br \/>\nPieejama sekojo\u0161os kr\u0101su to\u0146os: Dab\u012bgi lakota; Balin\u0101ta (piens); Medus; Buks; Ozols; Gai\u0161s rieksts, Tum\u0161s rieksts, Sarkankoks (mahagons), k\u0101 ar\u012b citos p\u0113c pas\u016bt\u012bjuma.<\/p>\n<p>&nbsp;<\/p>\n","protected":false},"featured_media":6689,"template":"","meta":{"neve_meta_sidebar":"","neve_meta_container":"","neve_meta_enable_content_width":"off","neve_meta_content_width":70,"neve_meta_title_alignment":"","neve_meta_author_avatar":"","neve_post_elements_order":"","neve_meta_disable_header":"","neve_meta_disable_footer":"","neve_meta_disable_title":""},"product_cat":[88],"product_tag":[],"_links":{"self":[{"href":"https:\/\/mebelunams.lv\/index.php?rest_route=\/wp\/v2\/product\/1811"}],"collection":[{"href":"https:\/\/mebelunams.lv\/index.php?rest_route=\/wp\/v2\/product"}],"about":[{"href":"https:\/\/mebelunams.lv\/index.php?rest_route=\/wp\/v2\/types\/product"}],"wp:featuredmedia":[{"embeddable":true,"href":"https:\/\/mebelunams.lv\/index.php?rest_route=\/wp\/v2\/media\/6689"}],"wp:attachment":[{"href":"https:\/\/mebelunams.lv\/index.php?rest_route=%2Fwp%2Fv2%2Fmedia&parent=1811"}],"wp:term":[{"taxonomy":"product_cat","embeddable":true,"href":"https:\/\/mebelunams.lv\/index.php?rest_route=%2Fwp%2Fv2%2Fproduct_cat&post=1811"},{"taxonomy":"product_tag","embeddable":true,"href":"https:\/\/mebelunams.lv\/index.php?rest_route=%2Fwp%2Fv2%2Fproduct_tag&post=1811"}],"curies":[{"name":"wp","href":"https:\/\/api.w.org\/{rel}","templated":true}]}}