{"id":17852,"date":"2024-09-01T15:44:13","date_gmt":"2024-09-01T13:44:13","guid":{"rendered":"https:\/\/mebelunams.lv\/?post_type=product&#038;p=17852"},"modified":"2025-09-01T11:31:33","modified_gmt":"2025-09-01T09:31:33","slug":"izvelkams-divans-milla","status":"publish","type":"product","link":"https:\/\/mebelunams.lv\/?product=izvelkams-divans-milla","title":{"rendered":"izvelkams d\u012bv\u0101ns Milla"},"content":{"rendered":"","protected":false},"excerpt":{"rendered":"<p>Koka karkasa izvelkams d\u012bv\u0101ns ar Zig-Zag atsper\u0113m. D\u012bv\u0101na aizmugure ar\u012b kl\u0101ta ar audumu t\u0101 novieto\u0161anai telpas vid\u016b.<\/p>\n<p>Iesp\u0113ja izv\u0113l\u0113ties citas materi\u0101la kr\u0101sas. <span style=\"color: #339966;\">Cena var at\u0161\u0137irties!<\/span><\/p>\n<p>&nbsp;<\/p>\n","protected":false},"featured_media":17854,"template":"","meta":{"neve_meta_sidebar":"","neve_meta_container":"","neve_meta_enable_content_width":"off","neve_meta_content_width":100,"neve_meta_title_alignment":"","neve_meta_author_avatar":"","neve_post_elements_order":"","neve_meta_disable_header":"","neve_meta_disable_footer":"","neve_meta_disable_title":""},"product_cat":[58],"product_tag":[],"_links":{"self":[{"href":"https:\/\/mebelunams.lv\/index.php?rest_route=\/wp\/v2\/product\/17852"}],"collection":[{"href":"https:\/\/mebelunams.lv\/index.php?rest_route=\/wp\/v2\/product"}],"about":[{"href":"https:\/\/mebelunams.lv\/index.php?rest_route=\/wp\/v2\/types\/product"}],"wp:featuredmedia":[{"embeddable":true,"href":"https:\/\/mebelunams.lv\/index.php?rest_route=\/wp\/v2\/media\/17854"}],"wp:attachment":[{"href":"https:\/\/mebelunams.lv\/index.php?rest_route=%2Fwp%2Fv2%2Fmedia&parent=17852"}],"wp:term":[{"taxonomy":"product_cat","embeddable":true,"href":"https:\/\/mebelunams.lv\/index.php?rest_route=%2Fwp%2Fv2%2Fproduct_cat&post=17852"},{"taxonomy":"product_tag","embeddable":true,"href":"https:\/\/mebelunams.lv\/index.php?rest_route=%2Fwp%2Fv2%2Fproduct_tag&post=17852"}],"curies":[{"name":"wp","href":"https:\/\/api.w.org\/{rel}","templated":true}]}}