{"id":17706,"date":"2024-06-27T14:31:00","date_gmt":"2024-06-27T12:31:00","guid":{"rendered":"https:\/\/mebelunams.lv\/?post_type=product&#038;p=17706"},"modified":"2025-08-07T13:22:05","modified_gmt":"2025-08-07T11:22:05","slug":"izvelkams-kresls-k","status":"publish","type":"product","link":"https:\/\/mebelunams.lv\/?product=izvelkams-kresls-k","title":{"rendered":"izvelkams kr\u0113sls K"},"content":{"rendered":"","protected":false},"excerpt":{"rendered":"<div><strong>Augstums<\/strong>: 97 cm<\/div>\n<div><strong>Platums<\/strong>: 84 cm<\/div>\n<div><strong>Dzi\u013cums<\/strong>: 102 cm<\/div>\n<div><strong>Gu\u013cam\u0101 plat\u012bba: <\/strong>68 x 193 cm<\/div>\n","protected":false},"featured_media":17707,"template":"","meta":{"neve_meta_sidebar":"","neve_meta_container":"","neve_meta_enable_content_width":"off","neve_meta_content_width":100,"neve_meta_title_alignment":"","neve_meta_author_avatar":"","neve_post_elements_order":"","neve_meta_disable_header":"","neve_meta_disable_footer":"","neve_meta_disable_title":""},"product_cat":[3197],"product_tag":[],"_links":{"self":[{"href":"https:\/\/mebelunams.lv\/index.php?rest_route=\/wp\/v2\/product\/17706"}],"collection":[{"href":"https:\/\/mebelunams.lv\/index.php?rest_route=\/wp\/v2\/product"}],"about":[{"href":"https:\/\/mebelunams.lv\/index.php?rest_route=\/wp\/v2\/types\/product"}],"wp:featuredmedia":[{"embeddable":true,"href":"https:\/\/mebelunams.lv\/index.php?rest_route=\/wp\/v2\/media\/17707"}],"wp:attachment":[{"href":"https:\/\/mebelunams.lv\/index.php?rest_route=%2Fwp%2Fv2%2Fmedia&parent=17706"}],"wp:term":[{"taxonomy":"product_cat","embeddable":true,"href":"https:\/\/mebelunams.lv\/index.php?rest_route=%2Fwp%2Fv2%2Fproduct_cat&post=17706"},{"taxonomy":"product_tag","embeddable":true,"href":"https:\/\/mebelunams.lv\/index.php?rest_route=%2Fwp%2Fv2%2Fproduct_tag&post=17706"}],"curies":[{"name":"wp","href":"https:\/\/api.w.org\/{rel}","templated":true}]}}