{"id":17459,"date":"2024-04-21T19:55:35","date_gmt":"2024-04-21T17:55:35","guid":{"rendered":"https:\/\/mebelunams.lv\/?post_type=product&#038;p=17459"},"modified":"2024-04-22T08:34:07","modified_gmt":"2024-04-22T06:34:07","slug":"gulta-dioramour-180-x-200","status":"publish","type":"product","link":"https:\/\/mebelunams.lv\/?product=gulta-dioramour-180-x-200","title":{"rendered":"gulta Dioramour 180 X 200"},"content":{"rendered":"","protected":false},"excerpt":{"rendered":"<p>Gulta ar pacel\u0161anas mehanismu,ve\u013cas kasti un matraci. Grezns, m\u012bksts galvgalis un m\u012bkstas malas. Daudzsl\u0101\u0146u vid\u0113ji m\u012bksts matracis ar Pocket atsper\u0113m. Dioramour matracis nodro\u0161ina \u0113rtu miegu visas nakts garum\u0101. Matra\u010da augstums-32 cm. Liela auduma kr\u0101su izv\u0113le.<\/p>\n<p>VISP\u0100R\u012aG\u0100S \u012aPA\u0160\u012aBAS:<br \/>\n\u2022 Moderns dizains<br \/>\n\u2022 Iztur\u012bga strukt\u016bra<br \/>\n\u2022 Liela ve\u013cas kaste<\/p>\n<p>Cena ir atkar\u012bga no matra\u010da izm\u0113ra, t\u0101 nor\u0101d\u012bta par gultu ar matra\u010da izm\u0113ru 180 x 200 cm.<\/p>\n<p>Papildus var pas\u016bt\u012bt <em>naktsskap\u012bti, pufu, soli\u0146u.<\/em><\/p>\n","protected":false},"featured_media":17461,"template":"","meta":{"neve_meta_sidebar":"","neve_meta_container":"","neve_meta_enable_content_width":"off","neve_meta_content_width":70,"neve_meta_title_alignment":"","neve_meta_author_avatar":"","neve_post_elements_order":"","neve_meta_disable_header":"","neve_meta_disable_footer":"","neve_meta_disable_title":""},"product_cat":[39],"product_tag":[],"_links":{"self":[{"href":"https:\/\/mebelunams.lv\/index.php?rest_route=\/wp\/v2\/product\/17459"}],"collection":[{"href":"https:\/\/mebelunams.lv\/index.php?rest_route=\/wp\/v2\/product"}],"about":[{"href":"https:\/\/mebelunams.lv\/index.php?rest_route=\/wp\/v2\/types\/product"}],"wp:featuredmedia":[{"embeddable":true,"href":"https:\/\/mebelunams.lv\/index.php?rest_route=\/wp\/v2\/media\/17461"}],"wp:attachment":[{"href":"https:\/\/mebelunams.lv\/index.php?rest_route=%2Fwp%2Fv2%2Fmedia&parent=17459"}],"wp:term":[{"taxonomy":"product_cat","embeddable":true,"href":"https:\/\/mebelunams.lv\/index.php?rest_route=%2Fwp%2Fv2%2Fproduct_cat&post=17459"},{"taxonomy":"product_tag","embeddable":true,"href":"https:\/\/mebelunams.lv\/index.php?rest_route=%2Fwp%2Fv2%2Fproduct_tag&post=17459"}],"curies":[{"name":"wp","href":"https:\/\/api.w.org\/{rel}","templated":true}]}}