{"id":17437,"date":"2024-04-14T15:48:54","date_gmt":"2024-04-14T13:48:54","guid":{"rendered":"https:\/\/mebelunams.lv\/?post_type=product&#038;p=17437"},"modified":"2024-04-24T13:29:03","modified_gmt":"2024-04-24T11:29:03","slug":"gulta-dalida-180-x-200","status":"publish","type":"product","link":"https:\/\/mebelunams.lv\/?product=gulta-dalida-180-x-200","title":{"rendered":"gulta Dalida 180 X 200"},"content":{"rendered":"","protected":false},"excerpt":{"rendered":"<p>Gulta ar ve\u013cas kasti<\/p>\n<div class=\"row\">\n<div class=\"col-xs-6 col-md-6\"><strong>Gu\u013cam\u0101 plat\u012bba<\/strong>: 180 X 200 cm<\/div>\n<div><strong>Ra\u017eot\u0101js<\/strong>: \u0136TR<\/div>\n<\/div>\n","protected":false},"featured_media":17419,"template":"","meta":{"neve_meta_sidebar":"","neve_meta_container":"","neve_meta_enable_content_width":"off","neve_meta_content_width":70,"neve_meta_title_alignment":"","neve_meta_author_avatar":"","neve_post_elements_order":"","neve_meta_disable_header":"","neve_meta_disable_footer":"","neve_meta_disable_title":""},"product_cat":[39],"product_tag":[],"_links":{"self":[{"href":"https:\/\/mebelunams.lv\/index.php?rest_route=\/wp\/v2\/product\/17437"}],"collection":[{"href":"https:\/\/mebelunams.lv\/index.php?rest_route=\/wp\/v2\/product"}],"about":[{"href":"https:\/\/mebelunams.lv\/index.php?rest_route=\/wp\/v2\/types\/product"}],"wp:featuredmedia":[{"embeddable":true,"href":"https:\/\/mebelunams.lv\/index.php?rest_route=\/wp\/v2\/media\/17419"}],"wp:attachment":[{"href":"https:\/\/mebelunams.lv\/index.php?rest_route=%2Fwp%2Fv2%2Fmedia&parent=17437"}],"wp:term":[{"taxonomy":"product_cat","embeddable":true,"href":"https:\/\/mebelunams.lv\/index.php?rest_route=%2Fwp%2Fv2%2Fproduct_cat&post=17437"},{"taxonomy":"product_tag","embeddable":true,"href":"https:\/\/mebelunams.lv\/index.php?rest_route=%2Fwp%2Fv2%2Fproduct_tag&post=17437"}],"curies":[{"name":"wp","href":"https:\/\/api.w.org\/{rel}","templated":true}]}}