{"id":1733,"date":"2020-10-12T16:23:49","date_gmt":"2020-10-12T14:23:49","guid":{"rendered":"https:\/\/mebelunams.lv\/?post_type=product&#038;p=1733"},"modified":"2023-10-08T22:15:00","modified_gmt":"2023-10-08T20:15:00","slug":"skapis-wnps823e1-q45","status":"publish","type":"product","link":"https:\/\/mebelunams.lv\/?product=skapis-wnps823e1-q45","title":{"rendered":"skapis WNPS823E1-Q45"},"content":{"rendered":"","protected":false},"excerpt":{"rendered":"<p>Skapis ar b\u012bd\u0101m\u0101m durv\u012bm<br \/>\nPlatums: 170 cm<br \/>\nAugstums: 210 cm<br \/>\nDzi\u013cums: 62 cm<br \/>\nKr\u0101sa: Sonomas ozols\/balts<br \/>\nMateri\u0101ls: LKSP (lamin\u0101ta kokskaidu pl\u0101ksnes)<\/p>\n<p><strong>3 plauktu komplekts (skat. att\u0113l\u0101) +35 Eur<\/strong><\/p>\n<p><strong>bremz\u012btes durv\u012bm +35 Eur<\/strong><\/p>\n","protected":false},"featured_media":6843,"template":"","meta":{"neve_meta_sidebar":"","neve_meta_container":"","neve_meta_enable_content_width":"off","neve_meta_content_width":70,"neve_meta_title_alignment":"","neve_meta_author_avatar":"","neve_post_elements_order":"","neve_meta_disable_header":"","neve_meta_disable_footer":"","neve_meta_disable_title":""},"product_cat":[20],"product_tag":[],"_links":{"self":[{"href":"https:\/\/mebelunams.lv\/index.php?rest_route=\/wp\/v2\/product\/1733"}],"collection":[{"href":"https:\/\/mebelunams.lv\/index.php?rest_route=\/wp\/v2\/product"}],"about":[{"href":"https:\/\/mebelunams.lv\/index.php?rest_route=\/wp\/v2\/types\/product"}],"wp:featuredmedia":[{"embeddable":true,"href":"https:\/\/mebelunams.lv\/index.php?rest_route=\/wp\/v2\/media\/6843"}],"wp:attachment":[{"href":"https:\/\/mebelunams.lv\/index.php?rest_route=%2Fwp%2Fv2%2Fmedia&parent=1733"}],"wp:term":[{"taxonomy":"product_cat","embeddable":true,"href":"https:\/\/mebelunams.lv\/index.php?rest_route=%2Fwp%2Fv2%2Fproduct_cat&post=1733"},{"taxonomy":"product_tag","embeddable":true,"href":"https:\/\/mebelunams.lv\/index.php?rest_route=%2Fwp%2Fv2%2Fproduct_tag&post=1733"}],"curies":[{"name":"wp","href":"https:\/\/api.w.org\/{rel}","templated":true}]}}