{"id":17266,"date":"2024-03-17T13:54:56","date_gmt":"2024-03-17T11:54:56","guid":{"rendered":"https:\/\/mebelunams.lv\/?post_type=product&#038;p=17266"},"modified":"2025-03-11T21:34:04","modified_gmt":"2025-03-11T19:34:04","slug":"tv-plaukts-etht131r-m550","status":"publish","type":"product","link":"https:\/\/mebelunams.lv\/?product=tv-plaukts-etht131r-m550","title":{"rendered":"TV plaukts ETHT131R-M550"},"content":{"rendered":"","protected":false},"excerpt":{"rendered":"<p><strong>Materi\u0101ls:<\/strong>\u00a0LKSP (lamin\u0101ta kokskaidu pl\u0101ksnes)<\/p>\n<p><strong>Platums:<\/strong> 172,8 cm<br \/>\n<strong>Augstums:<\/strong> 53 cm<br \/>\n<strong>Dzi\u013cums:<\/strong> 42 cm<\/p>\n<p>Preci var ieg\u0101d\u0101ties tikai kop\u0101 ar p\u0101r\u0113j\u0101m sekcijas Elatha m\u0113bel\u0113m.<\/p>\n","protected":false},"featured_media":17268,"template":"","meta":{"neve_meta_sidebar":"","neve_meta_container":"","neve_meta_enable_content_width":"off","neve_meta_content_width":100,"neve_meta_title_alignment":"","neve_meta_author_avatar":"","neve_post_elements_order":"","neve_meta_disable_header":"","neve_meta_disable_footer":"","neve_meta_disable_title":""},"product_cat":[6697,28],"product_tag":[],"_links":{"self":[{"href":"https:\/\/mebelunams.lv\/index.php?rest_route=\/wp\/v2\/product\/17266"}],"collection":[{"href":"https:\/\/mebelunams.lv\/index.php?rest_route=\/wp\/v2\/product"}],"about":[{"href":"https:\/\/mebelunams.lv\/index.php?rest_route=\/wp\/v2\/types\/product"}],"wp:featuredmedia":[{"embeddable":true,"href":"https:\/\/mebelunams.lv\/index.php?rest_route=\/wp\/v2\/media\/17268"}],"wp:attachment":[{"href":"https:\/\/mebelunams.lv\/index.php?rest_route=%2Fwp%2Fv2%2Fmedia&parent=17266"}],"wp:term":[{"taxonomy":"product_cat","embeddable":true,"href":"https:\/\/mebelunams.lv\/index.php?rest_route=%2Fwp%2Fv2%2Fproduct_cat&post=17266"},{"taxonomy":"product_tag","embeddable":true,"href":"https:\/\/mebelunams.lv\/index.php?rest_route=%2Fwp%2Fv2%2Fproduct_tag&post=17266"}],"curies":[{"name":"wp","href":"https:\/\/api.w.org\/{rel}","templated":true}]}}