{"id":17072,"date":"2024-03-08T16:08:49","date_gmt":"2024-03-08T14:08:49","guid":{"rendered":"https:\/\/mebelunams.lv\/?post_type=product&#038;p=17072"},"modified":"2024-04-24T13:33:31","modified_gmt":"2024-04-24T11:33:31","slug":"divans-mann","status":"publish","type":"product","link":"https:\/\/mebelunams.lv\/?product=divans-mann","title":{"rendered":"d\u012bv\u0101ns Mann"},"content":{"rendered":"","protected":false},"excerpt":{"rendered":"<p>D\u012bv\u0101ns ar divu gadu garantiju, ra\u017eots Igaunij\u0101.<\/p>\n<div><strong>Augstums<\/strong>: 94 cm<\/div>\n<div><strong>Platums<\/strong>: 190 cm<\/div>\n<div><strong>Dzi\u013cums<\/strong>: 90 cm<\/div>\n<div><strong>Materi\u0101ls<\/strong>: koks, \u0101da<\/div>\n<p>&nbsp;<\/p>\n<p>&nbsp;<\/p>\n<p>&nbsp;<\/p>\n","protected":false},"featured_media":17074,"template":"","meta":{"neve_meta_sidebar":"","neve_meta_container":"","neve_meta_enable_content_width":"off","neve_meta_content_width":100,"neve_meta_title_alignment":"","neve_meta_author_avatar":"","neve_post_elements_order":"","neve_meta_disable_header":"","neve_meta_disable_footer":"","neve_meta_disable_title":""},"product_cat":[57],"product_tag":[],"_links":{"self":[{"href":"https:\/\/mebelunams.lv\/index.php?rest_route=\/wp\/v2\/product\/17072"}],"collection":[{"href":"https:\/\/mebelunams.lv\/index.php?rest_route=\/wp\/v2\/product"}],"about":[{"href":"https:\/\/mebelunams.lv\/index.php?rest_route=\/wp\/v2\/types\/product"}],"wp:featuredmedia":[{"embeddable":true,"href":"https:\/\/mebelunams.lv\/index.php?rest_route=\/wp\/v2\/media\/17074"}],"wp:attachment":[{"href":"https:\/\/mebelunams.lv\/index.php?rest_route=%2Fwp%2Fv2%2Fmedia&parent=17072"}],"wp:term":[{"taxonomy":"product_cat","embeddable":true,"href":"https:\/\/mebelunams.lv\/index.php?rest_route=%2Fwp%2Fv2%2Fproduct_cat&post=17072"},{"taxonomy":"product_tag","embeddable":true,"href":"https:\/\/mebelunams.lv\/index.php?rest_route=%2Fwp%2Fv2%2Fproduct_tag&post=17072"}],"curies":[{"name":"wp","href":"https:\/\/api.w.org\/{rel}","templated":true}]}}