{"id":17056,"date":"2024-03-08T15:52:38","date_gmt":"2024-03-08T13:52:38","guid":{"rendered":"https:\/\/mebelunams.lv\/?post_type=product&#038;p=17056"},"modified":"2024-04-24T13:33:42","modified_gmt":"2024-04-24T11:33:42","slug":"divans-rosa-2","status":"publish","type":"product","link":"https:\/\/mebelunams.lv\/?product=divans-rosa-2","title":{"rendered":"d\u012bv\u0101ns Rosa"},"content":{"rendered":"","protected":false},"excerpt":{"rendered":"<p><strong><span style=\"color: #993300;\">Nor\u0101d\u012bt\u0101 cena var at\u0161\u0137irties &#8211; t\u0101 ir atkar\u012bga no izv\u0113l\u0113t\u0101 materi\u0101la.<\/span><\/strong><\/p>\n<p>D\u012bv\u0101ns ar divu gadu garantiju, ra\u017eots Igaunij\u0101.<\/p>\n<div><strong>Augstums<\/strong>: 90 cm<\/div>\n<div><strong>Platums<\/strong>: 195 cm<\/div>\n<div><strong>Dzi\u013cums<\/strong>: 92 cm<\/div>\n<div><strong>Materi\u0101ls<\/strong>: koks<\/div>\n<p>&nbsp;<\/p>\n<p>&nbsp;<\/p>\n<p>&nbsp;<\/p>\n","protected":false},"featured_media":17064,"template":"","meta":{"neve_meta_sidebar":"","neve_meta_container":"","neve_meta_enable_content_width":"off","neve_meta_content_width":100,"neve_meta_title_alignment":"","neve_meta_author_avatar":"","neve_post_elements_order":"","neve_meta_disable_header":"","neve_meta_disable_footer":"","neve_meta_disable_title":""},"product_cat":[57],"product_tag":[],"_links":{"self":[{"href":"https:\/\/mebelunams.lv\/index.php?rest_route=\/wp\/v2\/product\/17056"}],"collection":[{"href":"https:\/\/mebelunams.lv\/index.php?rest_route=\/wp\/v2\/product"}],"about":[{"href":"https:\/\/mebelunams.lv\/index.php?rest_route=\/wp\/v2\/types\/product"}],"wp:featuredmedia":[{"embeddable":true,"href":"https:\/\/mebelunams.lv\/index.php?rest_route=\/wp\/v2\/media\/17064"}],"wp:attachment":[{"href":"https:\/\/mebelunams.lv\/index.php?rest_route=%2Fwp%2Fv2%2Fmedia&parent=17056"}],"wp:term":[{"taxonomy":"product_cat","embeddable":true,"href":"https:\/\/mebelunams.lv\/index.php?rest_route=%2Fwp%2Fv2%2Fproduct_cat&post=17056"},{"taxonomy":"product_tag","embeddable":true,"href":"https:\/\/mebelunams.lv\/index.php?rest_route=%2Fwp%2Fv2%2Fproduct_tag&post=17056"}],"curies":[{"name":"wp","href":"https:\/\/api.w.org\/{rel}","templated":true}]}}