{"id":16987,"date":"2024-03-03T22:50:38","date_gmt":"2024-03-03T20:50:38","guid":{"rendered":"https:\/\/mebelunams.lv\/?post_type=product&#038;p=16987"},"modified":"2024-04-24T13:33:58","modified_gmt":"2024-04-24T11:33:58","slug":"kresls-verel","status":"publish","type":"product","link":"https:\/\/mebelunams.lv\/?product=kresls-verel","title":{"rendered":"kr\u0113sls Verel"},"content":{"rendered":"","protected":false},"excerpt":{"rendered":"<p>Komfortabls \u0113damistabas kr\u0113sls, kas sp\u0113s papildin\u0101t ikvienu interjeru.<\/p>\n","protected":false},"featured_media":16989,"template":"","meta":{"neve_meta_sidebar":"","neve_meta_container":"","neve_meta_enable_content_width":"off","neve_meta_content_width":100,"neve_meta_title_alignment":"","neve_meta_author_avatar":"","neve_post_elements_order":"","neve_meta_disable_header":"","neve_meta_disable_footer":"","neve_meta_disable_title":""},"product_cat":[46],"product_tag":[],"_links":{"self":[{"href":"https:\/\/mebelunams.lv\/index.php?rest_route=\/wp\/v2\/product\/16987"}],"collection":[{"href":"https:\/\/mebelunams.lv\/index.php?rest_route=\/wp\/v2\/product"}],"about":[{"href":"https:\/\/mebelunams.lv\/index.php?rest_route=\/wp\/v2\/types\/product"}],"wp:featuredmedia":[{"embeddable":true,"href":"https:\/\/mebelunams.lv\/index.php?rest_route=\/wp\/v2\/media\/16989"}],"wp:attachment":[{"href":"https:\/\/mebelunams.lv\/index.php?rest_route=%2Fwp%2Fv2%2Fmedia&parent=16987"}],"wp:term":[{"taxonomy":"product_cat","embeddable":true,"href":"https:\/\/mebelunams.lv\/index.php?rest_route=%2Fwp%2Fv2%2Fproduct_cat&post=16987"},{"taxonomy":"product_tag","embeddable":true,"href":"https:\/\/mebelunams.lv\/index.php?rest_route=%2Fwp%2Fv2%2Fproduct_tag&post=16987"}],"curies":[{"name":"wp","href":"https:\/\/api.w.org\/{rel}","templated":true}]}}