{"id":16910,"date":"2024-03-03T22:04:54","date_gmt":"2024-03-03T20:04:54","guid":{"rendered":"https:\/\/mebelunams.lv\/?post_type=product&#038;p=16910"},"modified":"2024-04-24T13:35:23","modified_gmt":"2024-04-24T11:35:23","slug":"divans-rosa","status":"publish","type":"product","link":"https:\/\/mebelunams.lv\/?product=divans-rosa","title":{"rendered":"d\u012bv\u0101ns Rosa"},"content":{"rendered":"","protected":false},"excerpt":{"rendered":"<p><strong><span style=\"color: #993300;\">Nor\u0101d\u012bt\u0101 cena var at\u0161\u0137irties &#8211; t\u0101 ir atkar\u012bga no izv\u0113l\u0113t\u0101 materi\u0101la.<\/span><\/strong><\/p>\n<p>D\u012bv\u0101ns ar divu gadu garantiju, ra\u017eots Igaunij\u0101.<\/p>\n<div><strong>Augstums<\/strong>: 90 cm<\/div>\n<div><strong>Platums<\/strong>: 145 cm<\/div>\n<div><strong>Dzi\u013cums<\/strong>: 92 cm<\/div>\n<div><strong>Materi\u0101ls<\/strong>: koks<\/div>\n<p>&nbsp;<\/p>\n<p>&nbsp;<\/p>\n<p>&nbsp;<\/p>\n","protected":false},"featured_media":16912,"template":"","meta":{"neve_meta_sidebar":"","neve_meta_container":"","neve_meta_enable_content_width":"off","neve_meta_content_width":100,"neve_meta_title_alignment":"","neve_meta_author_avatar":"","neve_post_elements_order":"","neve_meta_disable_header":"","neve_meta_disable_footer":"","neve_meta_disable_title":""},"product_cat":[57],"product_tag":[],"_links":{"self":[{"href":"https:\/\/mebelunams.lv\/index.php?rest_route=\/wp\/v2\/product\/16910"}],"collection":[{"href":"https:\/\/mebelunams.lv\/index.php?rest_route=\/wp\/v2\/product"}],"about":[{"href":"https:\/\/mebelunams.lv\/index.php?rest_route=\/wp\/v2\/types\/product"}],"wp:featuredmedia":[{"embeddable":true,"href":"https:\/\/mebelunams.lv\/index.php?rest_route=\/wp\/v2\/media\/16912"}],"wp:attachment":[{"href":"https:\/\/mebelunams.lv\/index.php?rest_route=%2Fwp%2Fv2%2Fmedia&parent=16910"}],"wp:term":[{"taxonomy":"product_cat","embeddable":true,"href":"https:\/\/mebelunams.lv\/index.php?rest_route=%2Fwp%2Fv2%2Fproduct_cat&post=16910"},{"taxonomy":"product_tag","embeddable":true,"href":"https:\/\/mebelunams.lv\/index.php?rest_route=%2Fwp%2Fv2%2Fproduct_tag&post=16910"}],"curies":[{"name":"wp","href":"https:\/\/api.w.org\/{rel}","templated":true}]}}