{"id":16816,"date":"2024-02-15T19:44:24","date_gmt":"2024-02-15T17:44:24","guid":{"rendered":"https:\/\/mebelunams.lv\/?post_type=product&#038;p=16816"},"modified":"2024-04-24T13:35:47","modified_gmt":"2024-04-24T11:35:47","slug":"kresls-jet","status":"publish","type":"product","link":"https:\/\/mebelunams.lv\/?product=kresls-jet","title":{"rendered":"kr\u0113sls Jet"},"content":{"rendered":"","protected":false},"excerpt":{"rendered":"<p>Kompakts kr\u0113sls, kas veidots neitr\u0101los to\u0146os, lai ar tievaj\u0101m un melnaj\u0101m met\u0101la k\u0101j\u0101m ieder\u0113tos ikvien\u0101 interjer\u0101.<\/p>\n<p>&nbsp;<\/p>\n<p>&nbsp;<\/p>\n","protected":false},"featured_media":16818,"template":"","meta":{"neve_meta_sidebar":"","neve_meta_container":"","neve_meta_enable_content_width":"off","neve_meta_content_width":100,"neve_meta_title_alignment":"","neve_meta_author_avatar":"","neve_post_elements_order":"","neve_meta_disable_header":"","neve_meta_disable_footer":"","neve_meta_disable_title":""},"product_cat":[46],"product_tag":[],"_links":{"self":[{"href":"https:\/\/mebelunams.lv\/index.php?rest_route=\/wp\/v2\/product\/16816"}],"collection":[{"href":"https:\/\/mebelunams.lv\/index.php?rest_route=\/wp\/v2\/product"}],"about":[{"href":"https:\/\/mebelunams.lv\/index.php?rest_route=\/wp\/v2\/types\/product"}],"wp:featuredmedia":[{"embeddable":true,"href":"https:\/\/mebelunams.lv\/index.php?rest_route=\/wp\/v2\/media\/16818"}],"wp:attachment":[{"href":"https:\/\/mebelunams.lv\/index.php?rest_route=%2Fwp%2Fv2%2Fmedia&parent=16816"}],"wp:term":[{"taxonomy":"product_cat","embeddable":true,"href":"https:\/\/mebelunams.lv\/index.php?rest_route=%2Fwp%2Fv2%2Fproduct_cat&post=16816"},{"taxonomy":"product_tag","embeddable":true,"href":"https:\/\/mebelunams.lv\/index.php?rest_route=%2Fwp%2Fv2%2Fproduct_tag&post=16816"}],"curies":[{"name":"wp","href":"https:\/\/api.w.org\/{rel}","templated":true}]}}