{"id":16804,"date":"2024-02-14T12:47:40","date_gmt":"2024-02-14T10:47:40","guid":{"rendered":"https:\/\/mebelunams.lv\/?post_type=product&#038;p=16804"},"modified":"2024-04-24T13:35:54","modified_gmt":"2024-04-24T11:35:54","slug":"bernu-atputas-kresls-spencer","status":"publish","type":"product","link":"https:\/\/mebelunams.lv\/?product=bernu-atputas-kresls-spencer","title":{"rendered":"b\u0113rnu atp\u016btas kr\u0113sls Spencer"},"content":{"rendered":"","protected":false},"excerpt":{"rendered":"<p><strong><span style=\"color: #993300;\"><em>Nor\u0101d\u012bt\u0101 cena var at\u0161\u0137irties &#8211; t\u0101 ir atkar\u012bga no izv\u0113l\u0113t\u0101 materi\u0101la.<\/em><\/span><\/strong><\/p>\n<p>Atp\u016btas kr\u0113sls ar divu gadu garantiju, ra\u017eots Igaunij\u0101.<\/p>\n<div><strong>Augstums<\/strong>: 55 cm<\/div>\n<div><strong>Platums<\/strong>: 65 cm<\/div>\n<div><strong>Dzi\u013cums<\/strong>: 65 cm<\/div>\n<div><strong>Materi\u0101ls<\/strong>: koks, \u0101da<\/div>\n<p>&nbsp;<\/p>\n<p>&nbsp;<\/p>\n<p>&nbsp;<\/p>\n","protected":false},"featured_media":16806,"template":"","meta":{"neve_meta_sidebar":"","neve_meta_container":"","neve_meta_enable_content_width":"off","neve_meta_content_width":100,"neve_meta_title_alignment":"","neve_meta_author_avatar":"","neve_post_elements_order":"","neve_meta_disable_header":"","neve_meta_disable_footer":"","neve_meta_disable_title":""},"product_cat":[43],"product_tag":[],"_links":{"self":[{"href":"https:\/\/mebelunams.lv\/index.php?rest_route=\/wp\/v2\/product\/16804"}],"collection":[{"href":"https:\/\/mebelunams.lv\/index.php?rest_route=\/wp\/v2\/product"}],"about":[{"href":"https:\/\/mebelunams.lv\/index.php?rest_route=\/wp\/v2\/types\/product"}],"wp:featuredmedia":[{"embeddable":true,"href":"https:\/\/mebelunams.lv\/index.php?rest_route=\/wp\/v2\/media\/16806"}],"wp:attachment":[{"href":"https:\/\/mebelunams.lv\/index.php?rest_route=%2Fwp%2Fv2%2Fmedia&parent=16804"}],"wp:term":[{"taxonomy":"product_cat","embeddable":true,"href":"https:\/\/mebelunams.lv\/index.php?rest_route=%2Fwp%2Fv2%2Fproduct_cat&post=16804"},{"taxonomy":"product_tag","embeddable":true,"href":"https:\/\/mebelunams.lv\/index.php?rest_route=%2Fwp%2Fv2%2Fproduct_tag&post=16804"}],"curies":[{"name":"wp","href":"https:\/\/api.w.org\/{rel}","templated":true}]}}