{"id":168,"date":"2020-08-23T09:32:00","date_gmt":"2020-08-23T07:32:00","guid":{"rendered":"http:\/\/mebelunams.lv\/?post_type=product&#038;p=168"},"modified":"2023-11-16T00:19:59","modified_gmt":"2023-11-15T22:19:59","slug":"kuumode-nikk-33","status":"publish","type":"product","link":"https:\/\/mebelunams.lv\/?product=kuumode-nikk-33","title":{"rendered":"kumode NIKK 33"},"content":{"rendered":"","protected":false},"excerpt":{"rendered":"<p>Kumode NIKK33 ar atvilktni un div\u0101m durv\u012bm, kr\u0101sa: D30F, D78<\/p>\n<p>Platums: 60 cm<\/p>\n<p>Augstums: 82 cm<\/p>\n<p>Dzi\u013cums: 29 cm<\/p>\n<p><strong>Prece pieejama veikala noliktav\u0101.<\/strong><\/p>\n","protected":false},"featured_media":3444,"template":"","meta":{"neve_meta_sidebar":"","neve_meta_container":"","neve_meta_enable_content_width":"off","neve_meta_content_width":100,"neve_meta_title_alignment":"","neve_meta_author_avatar":"","neve_post_elements_order":"","neve_meta_disable_header":"","neve_meta_disable_footer":"","neve_meta_disable_title":""},"product_cat":[18],"product_tag":[],"_links":{"self":[{"href":"https:\/\/mebelunams.lv\/index.php?rest_route=\/wp\/v2\/product\/168"}],"collection":[{"href":"https:\/\/mebelunams.lv\/index.php?rest_route=\/wp\/v2\/product"}],"about":[{"href":"https:\/\/mebelunams.lv\/index.php?rest_route=\/wp\/v2\/types\/product"}],"wp:featuredmedia":[{"embeddable":true,"href":"https:\/\/mebelunams.lv\/index.php?rest_route=\/wp\/v2\/media\/3444"}],"wp:attachment":[{"href":"https:\/\/mebelunams.lv\/index.php?rest_route=%2Fwp%2Fv2%2Fmedia&parent=168"}],"wp:term":[{"taxonomy":"product_cat","embeddable":true,"href":"https:\/\/mebelunams.lv\/index.php?rest_route=%2Fwp%2Fv2%2Fproduct_cat&post=168"},{"taxonomy":"product_tag","embeddable":true,"href":"https:\/\/mebelunams.lv\/index.php?rest_route=%2Fwp%2Fv2%2Fproduct_tag&post=168"}],"curies":[{"name":"wp","href":"https:\/\/api.w.org\/{rel}","templated":true}]}}