{"id":16689,"date":"2024-02-13T13:21:11","date_gmt":"2024-02-13T11:21:11","guid":{"rendered":"https:\/\/mebelunams.lv\/?post_type=product&#038;p=16689"},"modified":"2024-06-05T14:16:21","modified_gmt":"2024-06-05T12:16:21","slug":"atputas-kresls-aleksandra","status":"publish","type":"product","link":"https:\/\/mebelunams.lv\/?product=atputas-kresls-aleksandra","title":{"rendered":"atp\u016btas kr\u0113sls Aleksandra"},"content":{"rendered":"","protected":false},"excerpt":{"rendered":"<div>\n<div><strong><span style=\"color: #993300;\"><em>Nor\u0101d\u012bt\u0101 cena var at\u0161\u0137irties &#8211; t\u0101 ir atkar\u012bga no izv\u0113l\u0113t\u0101 materi\u0101la.<\/em><\/span><\/strong><\/div>\n<div><strong>Augstums<\/strong>: 95 cm<\/div>\n<div><strong>Platums<\/strong>: 100 cm<\/div>\n<div><strong>Dzi\u013cums<\/strong>: 102 cm<\/div>\n<div><strong>Materi\u0101ls<\/strong>: koks, \u0101da<\/div>\n<div><strong>Ra\u017eot\u0101jvalsts:<\/strong> Igaunija<\/div>\n<p>&nbsp;<\/p>\n<p>&nbsp;<\/p>\n<p>&nbsp;<\/p>\n<\/div>\n","protected":false},"featured_media":16691,"template":"","meta":{"neve_meta_sidebar":"","neve_meta_container":"","neve_meta_enable_content_width":"off","neve_meta_content_width":100,"neve_meta_title_alignment":"","neve_meta_author_avatar":"","neve_post_elements_order":"","neve_meta_disable_header":"","neve_meta_disable_footer":"","neve_meta_disable_title":""},"product_cat":[43],"product_tag":[],"_links":{"self":[{"href":"https:\/\/mebelunams.lv\/index.php?rest_route=\/wp\/v2\/product\/16689"}],"collection":[{"href":"https:\/\/mebelunams.lv\/index.php?rest_route=\/wp\/v2\/product"}],"about":[{"href":"https:\/\/mebelunams.lv\/index.php?rest_route=\/wp\/v2\/types\/product"}],"wp:featuredmedia":[{"embeddable":true,"href":"https:\/\/mebelunams.lv\/index.php?rest_route=\/wp\/v2\/media\/16691"}],"wp:attachment":[{"href":"https:\/\/mebelunams.lv\/index.php?rest_route=%2Fwp%2Fv2%2Fmedia&parent=16689"}],"wp:term":[{"taxonomy":"product_cat","embeddable":true,"href":"https:\/\/mebelunams.lv\/index.php?rest_route=%2Fwp%2Fv2%2Fproduct_cat&post=16689"},{"taxonomy":"product_tag","embeddable":true,"href":"https:\/\/mebelunams.lv\/index.php?rest_route=%2Fwp%2Fv2%2Fproduct_tag&post=16689"}],"curies":[{"name":"wp","href":"https:\/\/api.w.org\/{rel}","templated":true}]}}