{"id":16612,"date":"2024-02-12T17:29:42","date_gmt":"2024-02-12T15:29:42","guid":{"rendered":"https:\/\/mebelunams.lv\/?post_type=product&#038;p=16612"},"modified":"2025-09-03T18:26:09","modified_gmt":"2025-09-03T16:26:09","slug":"divans-gulta-a","status":"publish","type":"product","link":"https:\/\/mebelunams.lv\/?product=divans-gulta-a","title":{"rendered":"d\u012bv\u0101ns \u2013 gulta Cori"},"content":{"rendered":"","protected":false},"excerpt":{"rendered":"<p>D\u012bv\u0101ns, kas ar transformera meh\u0101nismu sp\u0113j viegli tapt p\u0101rv\u0113rsts par gu\u013camvietu. Pieejams da\u017e\u0101d\u0101s kr\u0101s\u0101s.<\/p>\n<div><strong>Augstums<\/strong>: 95 cm<\/div>\n<div><strong>Platums<\/strong>: 244 cm<\/div>\n<div><strong>Dzi\u013cums<\/strong>: 95 cm<\/div>\n<div><b>Materi\u0101ls pieejams da\u017e\u0101d\u0101s kr\u0101s\u0101s.<\/b><\/div>\n<div><\/div>\n<div>Ir ve\u013cas kaste. Lifta meh\u0101nisms, gu\u013cam\u0101 plat\u012bba 150cm x 200cm<\/div>\n<div><\/div>\n<div>D\u012bv\u0101ns pieejams augusta s\u0101kum\u0101<\/div>\n<p>&nbsp;<\/p>\n","protected":false},"featured_media":18944,"template":"","meta":{"neve_meta_sidebar":"","neve_meta_container":"","neve_meta_enable_content_width":"off","neve_meta_content_width":100,"neve_meta_title_alignment":"","neve_meta_author_avatar":"","neve_post_elements_order":"","neve_meta_disable_header":"","neve_meta_disable_footer":"","neve_meta_disable_title":""},"product_cat":[57],"product_tag":[],"_links":{"self":[{"href":"https:\/\/mebelunams.lv\/index.php?rest_route=\/wp\/v2\/product\/16612"}],"collection":[{"href":"https:\/\/mebelunams.lv\/index.php?rest_route=\/wp\/v2\/product"}],"about":[{"href":"https:\/\/mebelunams.lv\/index.php?rest_route=\/wp\/v2\/types\/product"}],"wp:featuredmedia":[{"embeddable":true,"href":"https:\/\/mebelunams.lv\/index.php?rest_route=\/wp\/v2\/media\/18944"}],"wp:attachment":[{"href":"https:\/\/mebelunams.lv\/index.php?rest_route=%2Fwp%2Fv2%2Fmedia&parent=16612"}],"wp:term":[{"taxonomy":"product_cat","embeddable":true,"href":"https:\/\/mebelunams.lv\/index.php?rest_route=%2Fwp%2Fv2%2Fproduct_cat&post=16612"},{"taxonomy":"product_tag","embeddable":true,"href":"https:\/\/mebelunams.lv\/index.php?rest_route=%2Fwp%2Fv2%2Fproduct_tag&post=16612"}],"curies":[{"name":"wp","href":"https:\/\/api.w.org\/{rel}","templated":true}]}}