{"id":16481,"date":"2024-02-04T11:33:37","date_gmt":"2024-02-04T09:33:37","guid":{"rendered":"https:\/\/mebelunams.lv\/?post_type=product&#038;p=16481"},"modified":"2025-07-23T17:07:26","modified_gmt":"2025-07-23T15:07:26","slug":"stura-divans-gulta-k","status":"publish","type":"product","link":"https:\/\/mebelunams.lv\/?product=stura-divans-gulta-k","title":{"rendered":"st\u016bra d\u012bv\u0101ns \u2013 gulta K"},"content":{"rendered":"","protected":false},"excerpt":{"rendered":"<p><strong>\u00a0gu\u013cam\u0101 plat\u012bba: 195 x 132 cm<\/strong><\/p>\n<p><strong>\u0101r\u0113jais izm\u0113rs: 155 x 240 cm<\/strong><\/p>\n<p>D\u012bv\u0101ns, kas ar transformera meh\u0101nismu sp\u0113j viegli tapt p\u0101rv\u0113rsts par gu\u013camvietu. St\u016bris mont\u0113jams gan uz labo, gan kreiso pusi.<\/p>\n<p>No veikala ekspoz\u012bcijas.<\/p>\n","protected":false},"featured_media":16483,"template":"","meta":{"neve_meta_sidebar":"","neve_meta_container":"","neve_meta_enable_content_width":"off","neve_meta_content_width":100,"neve_meta_title_alignment":"","neve_meta_author_avatar":"","neve_post_elements_order":"","neve_meta_disable_header":"","neve_meta_disable_footer":"","neve_meta_disable_title":""},"product_cat":[57,58],"product_tag":[],"_links":{"self":[{"href":"https:\/\/mebelunams.lv\/index.php?rest_route=\/wp\/v2\/product\/16481"}],"collection":[{"href":"https:\/\/mebelunams.lv\/index.php?rest_route=\/wp\/v2\/product"}],"about":[{"href":"https:\/\/mebelunams.lv\/index.php?rest_route=\/wp\/v2\/types\/product"}],"wp:featuredmedia":[{"embeddable":true,"href":"https:\/\/mebelunams.lv\/index.php?rest_route=\/wp\/v2\/media\/16483"}],"wp:attachment":[{"href":"https:\/\/mebelunams.lv\/index.php?rest_route=%2Fwp%2Fv2%2Fmedia&parent=16481"}],"wp:term":[{"taxonomy":"product_cat","embeddable":true,"href":"https:\/\/mebelunams.lv\/index.php?rest_route=%2Fwp%2Fv2%2Fproduct_cat&post=16481"},{"taxonomy":"product_tag","embeddable":true,"href":"https:\/\/mebelunams.lv\/index.php?rest_route=%2Fwp%2Fv2%2Fproduct_tag&post=16481"}],"curies":[{"name":"wp","href":"https:\/\/api.w.org\/{rel}","templated":true}]}}