{"id":16364,"date":"2024-01-30T17:21:47","date_gmt":"2024-01-30T15:21:47","guid":{"rendered":"https:\/\/mebelunams.lv\/?post_type=product&#038;p=16364"},"modified":"2024-08-13T17:30:02","modified_gmt":"2024-08-13T15:30:02","slug":"divans-gulta-borgo","status":"publish","type":"product","link":"https:\/\/mebelunams.lv\/?product=divans-gulta-borgo","title":{"rendered":"d\u012bv\u0101ns \u2013 gulta Borgo"},"content":{"rendered":"","protected":false},"excerpt":{"rendered":"<h2><span style=\"color: #008000;\">Izp\u0101rdo\u0161ana no ekspoz\u012bcijas.<\/span><\/h2>\n<p><strong>gu\u013cam\u0101 plat\u012bba: 190 x 120 cm<\/strong><\/p>\n<p>D\u012bv\u0101ns, kas ar transformera meh\u0101nismu sp\u0113j viegli tapt p\u0101rv\u0113rsts par gu\u013camvietu.<\/p>\n","protected":false},"featured_media":16376,"template":"","meta":{"neve_meta_sidebar":"","neve_meta_container":"","neve_meta_enable_content_width":"off","neve_meta_content_width":100,"neve_meta_title_alignment":"","neve_meta_author_avatar":"","neve_post_elements_order":"","neve_meta_disable_header":"","neve_meta_disable_footer":"","neve_meta_disable_title":""},"product_cat":[57],"product_tag":[],"_links":{"self":[{"href":"https:\/\/mebelunams.lv\/index.php?rest_route=\/wp\/v2\/product\/16364"}],"collection":[{"href":"https:\/\/mebelunams.lv\/index.php?rest_route=\/wp\/v2\/product"}],"about":[{"href":"https:\/\/mebelunams.lv\/index.php?rest_route=\/wp\/v2\/types\/product"}],"wp:featuredmedia":[{"embeddable":true,"href":"https:\/\/mebelunams.lv\/index.php?rest_route=\/wp\/v2\/media\/16376"}],"wp:attachment":[{"href":"https:\/\/mebelunams.lv\/index.php?rest_route=%2Fwp%2Fv2%2Fmedia&parent=16364"}],"wp:term":[{"taxonomy":"product_cat","embeddable":true,"href":"https:\/\/mebelunams.lv\/index.php?rest_route=%2Fwp%2Fv2%2Fproduct_cat&post=16364"},{"taxonomy":"product_tag","embeddable":true,"href":"https:\/\/mebelunams.lv\/index.php?rest_route=%2Fwp%2Fv2%2Fproduct_tag&post=16364"}],"curies":[{"name":"wp","href":"https:\/\/api.w.org\/{rel}","templated":true}]}}