{"id":16317,"date":"2024-01-08T17:29:03","date_gmt":"2024-01-08T15:29:03","guid":{"rendered":"https:\/\/mebelunams.lv\/?post_type=product&#038;p=16317"},"modified":"2024-09-28T11:29:43","modified_gmt":"2024-09-28T09:29:43","slug":"gulta-aurora-180-x-200","status":"publish","type":"product","link":"https:\/\/mebelunams.lv\/?product=gulta-aurora-180-x-200","title":{"rendered":"gulta Aurora 180 X 200"},"content":{"rendered":"","protected":false},"excerpt":{"rendered":"<p>Gulta ar ve\u013cas kasti<\/p>\n<div class=\"row\">\n<div class=\"col-xs-6 col-md-6\"><strong>Gu\u013cam\u0101 plat\u012bba<\/strong>: 180 X 200 cm<\/div>\n<div><\/div>\n<div><strong>Ra\u017eot\u0101js<\/strong>: \u0136TR<\/div>\n<\/div>\n","protected":false},"featured_media":16523,"template":"","meta":{"neve_meta_sidebar":"","neve_meta_container":"","neve_meta_enable_content_width":"off","neve_meta_content_width":70,"neve_meta_title_alignment":"","neve_meta_author_avatar":"","neve_post_elements_order":"","neve_meta_disable_header":"","neve_meta_disable_footer":"","neve_meta_disable_title":""},"product_cat":[39],"product_tag":[],"_links":{"self":[{"href":"https:\/\/mebelunams.lv\/index.php?rest_route=\/wp\/v2\/product\/16317"}],"collection":[{"href":"https:\/\/mebelunams.lv\/index.php?rest_route=\/wp\/v2\/product"}],"about":[{"href":"https:\/\/mebelunams.lv\/index.php?rest_route=\/wp\/v2\/types\/product"}],"wp:featuredmedia":[{"embeddable":true,"href":"https:\/\/mebelunams.lv\/index.php?rest_route=\/wp\/v2\/media\/16523"}],"wp:attachment":[{"href":"https:\/\/mebelunams.lv\/index.php?rest_route=%2Fwp%2Fv2%2Fmedia&parent=16317"}],"wp:term":[{"taxonomy":"product_cat","embeddable":true,"href":"https:\/\/mebelunams.lv\/index.php?rest_route=%2Fwp%2Fv2%2Fproduct_cat&post=16317"},{"taxonomy":"product_tag","embeddable":true,"href":"https:\/\/mebelunams.lv\/index.php?rest_route=%2Fwp%2Fv2%2Fproduct_tag&post=16317"}],"curies":[{"name":"wp","href":"https:\/\/api.w.org\/{rel}","templated":true}]}}