{"id":16286,"date":"2023-12-26T14:21:39","date_gmt":"2023-12-26T12:21:39","guid":{"rendered":"https:\/\/mebelunams.lv\/?post_type=product&#038;p=16286"},"modified":"2024-09-15T10:21:26","modified_gmt":"2024-09-15T08:21:26","slug":"gulta-belinda-180-x-200","status":"publish","type":"product","link":"https:\/\/mebelunams.lv\/?product=gulta-belinda-180-x-200","title":{"rendered":"gulta Belinda 180 X 200"},"content":{"rendered":"","protected":false},"excerpt":{"rendered":"<p>Gulta ar ve\u013cas kasti<\/p>\n<div class=\"row\">\n<div class=\"col-xs-6 col-md-6\"><strong>Gu\u013cam\u0101 plat\u012bba<\/strong>: 180 X 200 cm<\/div>\n<div><\/div>\n<div><strong>Ra\u017eot\u0101js<\/strong>: \u0136TR<\/div>\n<div>\n<p>160 X 200 &#8211; <strong>399 Eur<\/strong><\/p>\n<p>180 X 200 &#8211; <strong>449\u00a0Eur<\/strong><\/p>\n<\/div>\n<\/div>\n","protected":false},"featured_media":16552,"template":"","meta":{"neve_meta_sidebar":"","neve_meta_container":"","neve_meta_enable_content_width":"off","neve_meta_content_width":70,"neve_meta_title_alignment":"","neve_meta_author_avatar":"","neve_post_elements_order":"","neve_meta_disable_header":"","neve_meta_disable_footer":"","neve_meta_disable_title":""},"product_cat":[39],"product_tag":[],"_links":{"self":[{"href":"https:\/\/mebelunams.lv\/index.php?rest_route=\/wp\/v2\/product\/16286"}],"collection":[{"href":"https:\/\/mebelunams.lv\/index.php?rest_route=\/wp\/v2\/product"}],"about":[{"href":"https:\/\/mebelunams.lv\/index.php?rest_route=\/wp\/v2\/types\/product"}],"wp:featuredmedia":[{"embeddable":true,"href":"https:\/\/mebelunams.lv\/index.php?rest_route=\/wp\/v2\/media\/16552"}],"wp:attachment":[{"href":"https:\/\/mebelunams.lv\/index.php?rest_route=%2Fwp%2Fv2%2Fmedia&parent=16286"}],"wp:term":[{"taxonomy":"product_cat","embeddable":true,"href":"https:\/\/mebelunams.lv\/index.php?rest_route=%2Fwp%2Fv2%2Fproduct_cat&post=16286"},{"taxonomy":"product_tag","embeddable":true,"href":"https:\/\/mebelunams.lv\/index.php?rest_route=%2Fwp%2Fv2%2Fproduct_tag&post=16286"}],"curies":[{"name":"wp","href":"https:\/\/api.w.org\/{rel}","templated":true}]}}