{"id":16254,"date":"2023-12-23T21:09:32","date_gmt":"2023-12-23T19:09:32","guid":{"rendered":"https:\/\/mebelunams.lv\/?post_type=product&#038;p=16254"},"modified":"2024-04-24T13:42:06","modified_gmt":"2024-04-24T11:42:06","slug":"virtuves-komplekts-stellar","status":"publish","type":"product","link":"https:\/\/mebelunams.lv\/?product=virtuves-komplekts-stellar","title":{"rendered":"virtuves komplekts Stellar"},"content":{"rendered":"","protected":false},"excerpt":{"rendered":"<p>Fas\u0101des materi\u0101ls: Kokskaidu pl\u0101ksnes<\/p>\n<p>Platums: 180 cm<\/p>\n","protected":false},"featured_media":16256,"template":"","meta":{"neve_meta_sidebar":"","neve_meta_container":"","neve_meta_enable_content_width":"off","neve_meta_content_width":100,"neve_meta_title_alignment":"","neve_meta_author_avatar":"","neve_post_elements_order":"","neve_meta_disable_header":"","neve_meta_disable_footer":"","neve_meta_disable_title":""},"product_cat":[6225],"product_tag":[],"_links":{"self":[{"href":"https:\/\/mebelunams.lv\/index.php?rest_route=\/wp\/v2\/product\/16254"}],"collection":[{"href":"https:\/\/mebelunams.lv\/index.php?rest_route=\/wp\/v2\/product"}],"about":[{"href":"https:\/\/mebelunams.lv\/index.php?rest_route=\/wp\/v2\/types\/product"}],"wp:featuredmedia":[{"embeddable":true,"href":"https:\/\/mebelunams.lv\/index.php?rest_route=\/wp\/v2\/media\/16256"}],"wp:attachment":[{"href":"https:\/\/mebelunams.lv\/index.php?rest_route=%2Fwp%2Fv2%2Fmedia&parent=16254"}],"wp:term":[{"taxonomy":"product_cat","embeddable":true,"href":"https:\/\/mebelunams.lv\/index.php?rest_route=%2Fwp%2Fv2%2Fproduct_cat&post=16254"},{"taxonomy":"product_tag","embeddable":true,"href":"https:\/\/mebelunams.lv\/index.php?rest_route=%2Fwp%2Fv2%2Fproduct_tag&post=16254"}],"curies":[{"name":"wp","href":"https:\/\/api.w.org\/{rel}","templated":true}]}}