{"id":16174,"date":"2023-11-15T23:57:09","date_gmt":"2023-11-15T21:57:09","guid":{"rendered":"https:\/\/mebelunams.lv\/?post_type=product&#038;p=16174"},"modified":"2025-12-08T11:46:56","modified_gmt":"2025-12-08T09:46:56","slug":"tahta-ar-velas-kasti-195-x-90-cm","status":"publish","type":"product","link":"https:\/\/mebelunams.lv\/?product=tahta-ar-velas-kasti-195-x-90-cm","title":{"rendered":"tahta ar ve\u013cas kasti L\u012bgatne"},"content":{"rendered":"","protected":false},"excerpt":{"rendered":"<p>Tahta ar pace\u013camu matraci (no s\u0101na)<br \/>\nMatracis: atsperes \/ voiloks \/ porolons<br \/>\nKorpuss: lamin\u0101ts, sonoma kr\u0101s\u0101<br \/>\nIr ve\u013cas kaste<br \/>\nGu\u013camvietas garums 197 cm<br \/>\nPlatums: 90 cm<\/p>\n<p>Tahta mont\u0113jama gan uz labo, gan kreiso pusi<\/p>\n<p>&nbsp;<\/p>\n<p>&nbsp;<\/p>\n","protected":false},"featured_media":19015,"template":"","meta":{"neve_meta_sidebar":"","neve_meta_container":"","neve_meta_enable_content_width":"off","neve_meta_content_width":70,"neve_meta_title_alignment":"","neve_meta_author_avatar":"","neve_post_elements_order":"","neve_meta_disable_header":"","neve_meta_disable_footer":"","neve_meta_disable_title":""},"product_cat":[59],"product_tag":[],"_links":{"self":[{"href":"https:\/\/mebelunams.lv\/index.php?rest_route=\/wp\/v2\/product\/16174"}],"collection":[{"href":"https:\/\/mebelunams.lv\/index.php?rest_route=\/wp\/v2\/product"}],"about":[{"href":"https:\/\/mebelunams.lv\/index.php?rest_route=\/wp\/v2\/types\/product"}],"wp:featuredmedia":[{"embeddable":true,"href":"https:\/\/mebelunams.lv\/index.php?rest_route=\/wp\/v2\/media\/19015"}],"wp:attachment":[{"href":"https:\/\/mebelunams.lv\/index.php?rest_route=%2Fwp%2Fv2%2Fmedia&parent=16174"}],"wp:term":[{"taxonomy":"product_cat","embeddable":true,"href":"https:\/\/mebelunams.lv\/index.php?rest_route=%2Fwp%2Fv2%2Fproduct_cat&post=16174"},{"taxonomy":"product_tag","embeddable":true,"href":"https:\/\/mebelunams.lv\/index.php?rest_route=%2Fwp%2Fv2%2Fproduct_tag&post=16174"}],"curies":[{"name":"wp","href":"https:\/\/api.w.org\/{rel}","templated":true}]}}