{"id":16138,"date":"2023-11-12T14:09:19","date_gmt":"2023-11-12T12:09:19","guid":{"rendered":"https:\/\/mebelunams.lv\/?post_type=product&#038;p=16138"},"modified":"2024-07-26T20:11:11","modified_gmt":"2024-07-26T18:11:11","slug":"aizsargparvalks-ar-auduma-malam-80-x-200","status":"publish","type":"product","link":"https:\/\/mebelunams.lv\/?product=aizsargparvalks-ar-auduma-malam-80-x-200","title":{"rendered":"aizsargp\u0101rvalks ar auduma mal\u0101m 80 X 200"},"content":{"rendered":"","protected":false},"excerpt":{"rendered":"<div class=\"itemIntroText\">\n<div>Aizsargp\u0101rvalks izgatavots no kokvilnas frot\u0113 auduma ar PU p\u0101rkl\u0101jumu, kas aiztur mitrumu un nodro\u0161ina gaisa caurlaid\u012bbu.<\/div>\n<div>S\u0101nos visapk\u0101rt kokvilnas audums, \u012bs\u0101kaj\u0101s mal\u0101s un st\u016bros gumija \u0113rt\u0101kai lieto\u0161anai.<\/div>\n<\/div>\n<div class=\"itemFullText\">\n<p>Var mazg\u0101t pat 60\u00b0 temperat\u016br\u0101.<\/p>\n<\/div>\n","protected":false},"featured_media":16139,"template":"","meta":{"neve_meta_sidebar":"","neve_meta_container":"","neve_meta_enable_content_width":"off","neve_meta_content_width":100,"neve_meta_title_alignment":"","neve_meta_author_avatar":"","neve_post_elements_order":"","neve_meta_disable_header":"","neve_meta_disable_footer":"","neve_meta_disable_title":""},"product_cat":[6182],"product_tag":[],"_links":{"self":[{"href":"https:\/\/mebelunams.lv\/index.php?rest_route=\/wp\/v2\/product\/16138"}],"collection":[{"href":"https:\/\/mebelunams.lv\/index.php?rest_route=\/wp\/v2\/product"}],"about":[{"href":"https:\/\/mebelunams.lv\/index.php?rest_route=\/wp\/v2\/types\/product"}],"wp:featuredmedia":[{"embeddable":true,"href":"https:\/\/mebelunams.lv\/index.php?rest_route=\/wp\/v2\/media\/16139"}],"wp:attachment":[{"href":"https:\/\/mebelunams.lv\/index.php?rest_route=%2Fwp%2Fv2%2Fmedia&parent=16138"}],"wp:term":[{"taxonomy":"product_cat","embeddable":true,"href":"https:\/\/mebelunams.lv\/index.php?rest_route=%2Fwp%2Fv2%2Fproduct_cat&post=16138"},{"taxonomy":"product_tag","embeddable":true,"href":"https:\/\/mebelunams.lv\/index.php?rest_route=%2Fwp%2Fv2%2Fproduct_tag&post=16138"}],"curies":[{"name":"wp","href":"https:\/\/api.w.org\/{rel}","templated":true}]}}