{"id":16005,"date":"2023-11-06T00:17:54","date_gmt":"2023-11-05T22:17:54","guid":{"rendered":"https:\/\/mebelunams.lv\/?post_type=product&#038;p=16005"},"modified":"2024-04-24T14:54:35","modified_gmt":"2024-04-24T12:54:35","slug":"matracis-comfort-ped-140-x-200","status":"publish","type":"product","link":"https:\/\/mebelunams.lv\/?product=matracis-comfort-ped-140-x-200","title":{"rendered":"matracis Comfort Ped 140 X 200"},"content":{"rendered":"","protected":false},"excerpt":{"rendered":"<p>Daudzsl\u0101\u0146u vid\u0113ji m\u012bksts vienpus\u0113js matracis.<\/p>\n<p><strong>Atsperes<\/strong>: Pocket<\/p>\n","protected":false},"featured_media":16001,"template":"","meta":{"neve_meta_sidebar":"","neve_meta_container":"","neve_meta_enable_content_width":"off","neve_meta_content_width":100,"neve_meta_title_alignment":"","neve_meta_author_avatar":"","neve_post_elements_order":"","neve_meta_disable_header":"","neve_meta_disable_footer":"","neve_meta_disable_title":""},"product_cat":[51],"product_tag":[],"_links":{"self":[{"href":"https:\/\/mebelunams.lv\/index.php?rest_route=\/wp\/v2\/product\/16005"}],"collection":[{"href":"https:\/\/mebelunams.lv\/index.php?rest_route=\/wp\/v2\/product"}],"about":[{"href":"https:\/\/mebelunams.lv\/index.php?rest_route=\/wp\/v2\/types\/product"}],"wp:featuredmedia":[{"embeddable":true,"href":"https:\/\/mebelunams.lv\/index.php?rest_route=\/wp\/v2\/media\/16001"}],"wp:attachment":[{"href":"https:\/\/mebelunams.lv\/index.php?rest_route=%2Fwp%2Fv2%2Fmedia&parent=16005"}],"wp:term":[{"taxonomy":"product_cat","embeddable":true,"href":"https:\/\/mebelunams.lv\/index.php?rest_route=%2Fwp%2Fv2%2Fproduct_cat&post=16005"},{"taxonomy":"product_tag","embeddable":true,"href":"https:\/\/mebelunams.lv\/index.php?rest_route=%2Fwp%2Fv2%2Fproduct_tag&post=16005"}],"curies":[{"name":"wp","href":"https:\/\/api.w.org\/{rel}","templated":true}]}}