{"id":15781,"date":"2023-09-06T12:30:57","date_gmt":"2023-09-06T10:30:57","guid":{"rendered":"https:\/\/mebelunams.lv\/?post_type=product&#038;p=15781"},"modified":"2024-04-24T17:58:45","modified_gmt":"2024-04-24T15:58:45","slug":"divans-olivija","status":"publish","type":"product","link":"https:\/\/mebelunams.lv\/?product=divans-olivija","title":{"rendered":"d\u012bv\u0101ns Olivija"},"content":{"rendered":"","protected":false},"excerpt":{"rendered":"<p>\u0100r\u0113jais izm\u0113rs: 200*89*76 cm<br \/>\nGu\u013cam\u0101 plat\u012bba: 145*195 cm<br \/>\nRa\u017eots: Latvij\u0101<\/p>\n<p>&nbsp;<\/p>\n<p>D\u012bv\u0101n\u0101 pild\u012bjum\u0101 izmantojam Zig-Zag atsperes un speciali paredz\u0113ts<br \/>\ns\u0113d\u0113\u0161anai un gul\u0113\u0161anai augstas kvalit\u0101tes m\u0113be\u013cu poliuret\u0101na putas.<br \/>\nKvalitat\u012bvs un viegli kopjams audums.<br \/>\nVisa konstrukcija ir izgatavota no finiera.<br \/>\nLiela kaste ve\u013cai. \u0112rta gu\u013camvieta diviem.<\/p>\n","protected":false},"featured_media":15783,"template":"","meta":{"neve_meta_sidebar":"","neve_meta_container":"","neve_meta_enable_content_width":"off","neve_meta_content_width":100,"neve_meta_title_alignment":"","neve_meta_author_avatar":"","neve_post_elements_order":"","neve_meta_disable_header":"","neve_meta_disable_footer":"","neve_meta_disable_title":""},"product_cat":[57],"product_tag":[],"_links":{"self":[{"href":"https:\/\/mebelunams.lv\/index.php?rest_route=\/wp\/v2\/product\/15781"}],"collection":[{"href":"https:\/\/mebelunams.lv\/index.php?rest_route=\/wp\/v2\/product"}],"about":[{"href":"https:\/\/mebelunams.lv\/index.php?rest_route=\/wp\/v2\/types\/product"}],"wp:featuredmedia":[{"embeddable":true,"href":"https:\/\/mebelunams.lv\/index.php?rest_route=\/wp\/v2\/media\/15783"}],"wp:attachment":[{"href":"https:\/\/mebelunams.lv\/index.php?rest_route=%2Fwp%2Fv2%2Fmedia&parent=15781"}],"wp:term":[{"taxonomy":"product_cat","embeddable":true,"href":"https:\/\/mebelunams.lv\/index.php?rest_route=%2Fwp%2Fv2%2Fproduct_cat&post=15781"},{"taxonomy":"product_tag","embeddable":true,"href":"https:\/\/mebelunams.lv\/index.php?rest_route=%2Fwp%2Fv2%2Fproduct_tag&post=15781"}],"curies":[{"name":"wp","href":"https:\/\/api.w.org\/{rel}","templated":true}]}}