{"id":15734,"date":"2023-09-03T14:51:09","date_gmt":"2023-09-03T12:51:09","guid":{"rendered":"https:\/\/mebelunams.lv\/?post_type=product&#038;p=15734"},"modified":"2024-04-24T17:59:08","modified_gmt":"2024-04-24T15:59:08","slug":"gulta-oksi-160-x-200","status":"publish","type":"product","link":"https:\/\/mebelunams.lv\/?product=gulta-oksi-160-x-200","title":{"rendered":"gulta Oksi 160 X 200"},"content":{"rendered":"","protected":false},"excerpt":{"rendered":"<p>Latvij\u0101 ra\u017eota gulta Oksi, kura pieejama da\u017e\u0101d\u0101s kr\u0101s\u0101s un ar da\u017e\u0101diem galvga\u013ca variantiem (skat. att\u0113lus).<\/p>\n<p>Gulta pieejama izm\u0113ros:<\/p>\n<p><strong>120 x 200 \u2013 360 Eur<\/strong><\/p>\n<p><strong>140 x 200 \u2013 405 Eur<\/strong><\/p>\n<p><strong>160 x 200 \u2013 450 Eur<\/strong><\/p>\n<p><strong>180 x 200 \u2013\u00a0 495 Eur<\/strong><\/p>\n","protected":false},"featured_media":19397,"template":"","meta":{"neve_meta_sidebar":"","neve_meta_container":"","neve_meta_enable_content_width":"off","neve_meta_content_width":100,"neve_meta_title_alignment":"","neve_meta_author_avatar":"","neve_post_elements_order":"","neve_meta_disable_header":"","neve_meta_disable_footer":"","neve_meta_disable_title":""},"product_cat":[38,42,24],"product_tag":[],"_links":{"self":[{"href":"https:\/\/mebelunams.lv\/index.php?rest_route=\/wp\/v2\/product\/15734"}],"collection":[{"href":"https:\/\/mebelunams.lv\/index.php?rest_route=\/wp\/v2\/product"}],"about":[{"href":"https:\/\/mebelunams.lv\/index.php?rest_route=\/wp\/v2\/types\/product"}],"wp:featuredmedia":[{"embeddable":true,"href":"https:\/\/mebelunams.lv\/index.php?rest_route=\/wp\/v2\/media\/19397"}],"wp:attachment":[{"href":"https:\/\/mebelunams.lv\/index.php?rest_route=%2Fwp%2Fv2%2Fmedia&parent=15734"}],"wp:term":[{"taxonomy":"product_cat","embeddable":true,"href":"https:\/\/mebelunams.lv\/index.php?rest_route=%2Fwp%2Fv2%2Fproduct_cat&post=15734"},{"taxonomy":"product_tag","embeddable":true,"href":"https:\/\/mebelunams.lv\/index.php?rest_route=%2Fwp%2Fv2%2Fproduct_tag&post=15734"}],"curies":[{"name":"wp","href":"https:\/\/api.w.org\/{rel}","templated":true}]}}