{"id":15723,"date":"2023-08-25T15:53:28","date_gmt":"2023-08-25T13:53:28","guid":{"rendered":"https:\/\/mebelunams.lv\/?post_type=product&#038;p=15723"},"modified":"2025-06-29T10:14:15","modified_gmt":"2025-06-29T08:14:15","slug":"gulta-claudia","status":"publish","type":"product","link":"https:\/\/mebelunams.lv\/?product=gulta-claudia","title":{"rendered":"gulta Claudia"},"content":{"rendered":"","protected":false},"excerpt":{"rendered":"<p><strong>Gu\u013cam\u0101 plat\u012bba:<\/strong> 180 X 200 cm<\/p>\n<p>Cena nor\u0101d\u012bta bez matra\u010da.<\/p>\n<p>&nbsp;<\/p>\n","protected":false},"featured_media":15725,"template":"","meta":{"neve_meta_sidebar":"","neve_meta_container":"","neve_meta_enable_content_width":"off","neve_meta_content_width":70,"neve_meta_title_alignment":"","neve_meta_author_avatar":"","neve_post_elements_order":"","neve_meta_disable_header":"","neve_meta_disable_footer":"","neve_meta_disable_title":""},"product_cat":[39,24],"product_tag":[],"_links":{"self":[{"href":"https:\/\/mebelunams.lv\/index.php?rest_route=\/wp\/v2\/product\/15723"}],"collection":[{"href":"https:\/\/mebelunams.lv\/index.php?rest_route=\/wp\/v2\/product"}],"about":[{"href":"https:\/\/mebelunams.lv\/index.php?rest_route=\/wp\/v2\/types\/product"}],"wp:featuredmedia":[{"embeddable":true,"href":"https:\/\/mebelunams.lv\/index.php?rest_route=\/wp\/v2\/media\/15725"}],"wp:attachment":[{"href":"https:\/\/mebelunams.lv\/index.php?rest_route=%2Fwp%2Fv2%2Fmedia&parent=15723"}],"wp:term":[{"taxonomy":"product_cat","embeddable":true,"href":"https:\/\/mebelunams.lv\/index.php?rest_route=%2Fwp%2Fv2%2Fproduct_cat&post=15723"},{"taxonomy":"product_tag","embeddable":true,"href":"https:\/\/mebelunams.lv\/index.php?rest_route=%2Fwp%2Fv2%2Fproduct_tag&post=15723"}],"curies":[{"name":"wp","href":"https:\/\/api.w.org\/{rel}","templated":true}]}}