{"id":1568,"date":"2020-09-23T15:00:11","date_gmt":"2020-09-23T13:00:11","guid":{"rendered":"http:\/\/mebelunams.lv\/?post_type=product&#038;p=1568"},"modified":"2021-06-01T15:54:00","modified_gmt":"2021-06-01T13:54:00","slug":"matracis-stress-control-2","status":"publish","type":"product","link":"https:\/\/mebelunams.lv\/?product=matracis-stress-control-2","title":{"rendered":"matracis Stress Control"},"content":{"rendered":"","protected":false},"excerpt":{"rendered":"<p>Matracis ir daudzsl\u0101\u0146u, 25 cm augstum\u0101, vid\u0113ji ciets. Ortop\u0113disk\u0101s atsperes Bonnel, ortop\u0113diskais efekts, perimetra pastiprin\u0101jums.<br \/>\n<strong>Cena ir atkar\u012bga no matra\u010da izm\u0113ra.<\/strong> Cena nor\u0101d\u012bta par matra\u010da izm\u0113ru 180*200 cm.<\/p>\n<p><a href=\"https:\/\/mebelunams.lv\/?product=matracis-stress-control\"><strong>apskat\u012bt citu izm\u0113ru- 160 X 200 cm<\/strong><\/a><\/p>\n","protected":false},"featured_media":8303,"template":"","meta":{"neve_meta_sidebar":"","neve_meta_container":"","neve_meta_enable_content_width":"off","neve_meta_content_width":0,"neve_meta_title_alignment":"","neve_meta_author_avatar":"","neve_post_elements_order":"","neve_meta_disable_header":"","neve_meta_disable_footer":"","neve_meta_disable_title":""},"product_cat":[53],"product_tag":[],"_links":{"self":[{"href":"https:\/\/mebelunams.lv\/index.php?rest_route=\/wp\/v2\/product\/1568"}],"collection":[{"href":"https:\/\/mebelunams.lv\/index.php?rest_route=\/wp\/v2\/product"}],"about":[{"href":"https:\/\/mebelunams.lv\/index.php?rest_route=\/wp\/v2\/types\/product"}],"wp:featuredmedia":[{"embeddable":true,"href":"https:\/\/mebelunams.lv\/index.php?rest_route=\/wp\/v2\/media\/8303"}],"wp:attachment":[{"href":"https:\/\/mebelunams.lv\/index.php?rest_route=%2Fwp%2Fv2%2Fmedia&parent=1568"}],"wp:term":[{"taxonomy":"product_cat","embeddable":true,"href":"https:\/\/mebelunams.lv\/index.php?rest_route=%2Fwp%2Fv2%2Fproduct_cat&post=1568"},{"taxonomy":"product_tag","embeddable":true,"href":"https:\/\/mebelunams.lv\/index.php?rest_route=%2Fwp%2Fv2%2Fproduct_tag&post=1568"}],"curies":[{"name":"wp","href":"https:\/\/api.w.org\/{rel}","templated":true}]}}