{"id":15638,"date":"2023-08-13T14:27:37","date_gmt":"2023-08-13T12:27:37","guid":{"rendered":"https:\/\/mebelunams.lv\/?post_type=product&#038;p=15638"},"modified":"2024-04-24T18:35:44","modified_gmt":"2024-04-24T16:35:44","slug":"gulta-balance-90-x-200","status":"publish","type":"product","link":"https:\/\/mebelunams.lv\/?product=gulta-balance-90-x-200","title":{"rendered":"gulta Balance 90 X 200"},"content":{"rendered":"","protected":false},"excerpt":{"rendered":"<p><strong>Gu\u013cam\u0101 plat\u012bba:<\/strong> 90 X 200 cm<\/p>\n<p><strong><span style=\"color: #993300;\">Cena nor\u0101d\u012bta bez matra\u010da.<\/span><\/strong><\/p>\n","protected":false},"featured_media":14693,"template":"","meta":{"neve_meta_sidebar":"","neve_meta_container":"","neve_meta_enable_content_width":"off","neve_meta_content_width":70,"neve_meta_title_alignment":"","neve_meta_author_avatar":"","neve_post_elements_order":"","neve_meta_disable_header":"","neve_meta_disable_footer":"","neve_meta_disable_title":""},"product_cat":[40],"product_tag":[],"_links":{"self":[{"href":"https:\/\/mebelunams.lv\/index.php?rest_route=\/wp\/v2\/product\/15638"}],"collection":[{"href":"https:\/\/mebelunams.lv\/index.php?rest_route=\/wp\/v2\/product"}],"about":[{"href":"https:\/\/mebelunams.lv\/index.php?rest_route=\/wp\/v2\/types\/product"}],"wp:featuredmedia":[{"embeddable":true,"href":"https:\/\/mebelunams.lv\/index.php?rest_route=\/wp\/v2\/media\/14693"}],"wp:attachment":[{"href":"https:\/\/mebelunams.lv\/index.php?rest_route=%2Fwp%2Fv2%2Fmedia&parent=15638"}],"wp:term":[{"taxonomy":"product_cat","embeddable":true,"href":"https:\/\/mebelunams.lv\/index.php?rest_route=%2Fwp%2Fv2%2Fproduct_cat&post=15638"},{"taxonomy":"product_tag","embeddable":true,"href":"https:\/\/mebelunams.lv\/index.php?rest_route=%2Fwp%2Fv2%2Fproduct_tag&post=15638"}],"curies":[{"name":"wp","href":"https:\/\/api.w.org\/{rel}","templated":true}]}}