{"id":15601,"date":"2023-08-13T13:21:04","date_gmt":"2023-08-13T11:21:04","guid":{"rendered":"https:\/\/mebelunams.lv\/?post_type=product&#038;p=15601"},"modified":"2024-04-24T18:35:59","modified_gmt":"2024-04-24T16:35:59","slug":"divans-nujorka","status":"publish","type":"product","link":"https:\/\/mebelunams.lv\/?product=divans-nujorka","title":{"rendered":"d\u012bv\u0101ns \u0145ujorka"},"content":{"rendered":"","protected":false},"excerpt":{"rendered":"<p>Pild\u012bts ar paaugstin\u0101ta bl\u012bvuma poliuret\u0101na put\u0101m, kop\u0101 ar zig-zag atsper\u0113m d\u012bv\u0101ns nodro\u0161ina papildu iztur\u012bbu un \u0113rtu lieto\u0161anu. R\u0101mis ir izgatavots no iztur\u012bga sapl\u0101k\u0161\u0146a, bet apdare \u2014 no taustei pat\u012bkama un viegli kopjama auduma. Ietilp\u012bga ve\u013cas kaste nodro\u0161ina d\u012bv\u0101na multifunkcionalit\u0101ti.<\/p>\n<p>&#8220;\u0145ujorka&#8221; ir ide\u0101li piem\u0113rots atp\u016btai kop\u0101 ar \u0123imeni un draugiem, k\u0101 ar\u012b labam miegam.<\/p>\n<p><strong>\u2192 (platums)<\/strong> : 210 cm<\/p>\n<p><strong>\u2191 (augstums)<\/strong> : 90 cm<\/p>\n<p><strong>\/ (dzi\u013cums)<\/strong> : 100 cm<\/p>\n","protected":false},"featured_media":15603,"template":"","meta":{"neve_meta_sidebar":"","neve_meta_container":"","neve_meta_enable_content_width":"off","neve_meta_content_width":100,"neve_meta_title_alignment":"","neve_meta_author_avatar":"","neve_post_elements_order":"","neve_meta_disable_header":"","neve_meta_disable_footer":"","neve_meta_disable_title":""},"product_cat":[57],"product_tag":[],"_links":{"self":[{"href":"https:\/\/mebelunams.lv\/index.php?rest_route=\/wp\/v2\/product\/15601"}],"collection":[{"href":"https:\/\/mebelunams.lv\/index.php?rest_route=\/wp\/v2\/product"}],"about":[{"href":"https:\/\/mebelunams.lv\/index.php?rest_route=\/wp\/v2\/types\/product"}],"wp:featuredmedia":[{"embeddable":true,"href":"https:\/\/mebelunams.lv\/index.php?rest_route=\/wp\/v2\/media\/15603"}],"wp:attachment":[{"href":"https:\/\/mebelunams.lv\/index.php?rest_route=%2Fwp%2Fv2%2Fmedia&parent=15601"}],"wp:term":[{"taxonomy":"product_cat","embeddable":true,"href":"https:\/\/mebelunams.lv\/index.php?rest_route=%2Fwp%2Fv2%2Fproduct_cat&post=15601"},{"taxonomy":"product_tag","embeddable":true,"href":"https:\/\/mebelunams.lv\/index.php?rest_route=%2Fwp%2Fv2%2Fproduct_tag&post=15601"}],"curies":[{"name":"wp","href":"https:\/\/api.w.org\/{rel}","templated":true}]}}