{"id":15581,"date":"2023-08-13T13:10:34","date_gmt":"2023-08-13T11:10:34","guid":{"rendered":"https:\/\/mebelunams.lv\/?post_type=product&#038;p=15581"},"modified":"2024-04-24T18:36:04","modified_gmt":"2024-04-24T16:36:04","slug":"divans-roma-xl","status":"publish","type":"product","link":"https:\/\/mebelunams.lv\/?product=divans-roma-xl","title":{"rendered":"d\u012bv\u0101ns Roma XL"},"content":{"rendered":"","protected":false},"excerpt":{"rendered":"<p>Transformeris Modul\u0101rais D\u012bv\u0101ns \u2013 Gulta \u2013 St\u016bra d\u012bv\u0101ns ir paredz\u0113ts<br \/>\nikdienas lieto\u0161anai.<br \/>\nPied\u0101v\u0101jam vienu no pa\u0161iem praktisk\u0101kajiem un stil\u012bg\u0101kajiem d\u012bv\u0101nu<br \/>\nmode\u013ciem.<\/p>\n<p>D\u012bv\u0101ns sast\u0101v no div\u0101m modularaj\u0101m da\u013c\u0101m , kuras garant\u0113 \u0113rt\u012bbu un<br \/>\nvietas ergonomiku. Katrs modulis atsevi\u0161\u0137i saliekas, pateicoties tam,<br \/>\nparastu d\u012bv\u0101nu var p\u0101rveidot par st\u016bra d\u012bv\u0101nu uz jebkuru pusi, st\u016bra<br \/>\nd\u012bv\u0101nu uz ab\u0101m pus\u0113m, vai ar\u012b komfortablu gu\u013cas vietu div\u0101m person\u0101m<br \/>\n(p\u0101rejas starp modu\u013ciem praktiski nav saj\u016btamas). P\u0113c nepiecie\u0161am\u012bbas,<br \/>\nmodu\u013cus var lietot ar\u012b atsevi\u0161\u0137i.<br \/>\nAr \u0161o modeli var nebaid\u012bties no dz\u012bves vietas mai\u0146as un istabas<br \/>\np\u0101rk\u0101rto\u0161anas, jo d\u012bv\u0101ns lieliski izskat\u0101s un izpilda savas funkcijas<br \/>\nneatkar\u012bb\u0101 no istabas izm\u0113riem.<\/p>\n<p>D\u012bv\u0101na pild\u012bjum\u0101 izmantojam Zig-Zag atsperes un kvalitat\u012bvas<br \/>\npoliuret\u0101na putas.<br \/>\nTas lieliski piem\u0113rots gan s\u0113d\u0113\u0161anai, gan labam miegam!<br \/>\nTiek izmantots kvalitat\u012bvs un viegli kopjams audums.<br \/>\nVisa konstrukcija ir izgatavota no finiera (sapl\u0101k\u0161\u0146a), kas kalpos<br \/>\nilg\u0101k, nek\u0101 r\u0101mis, kas izgatavots no koka \/ z\u0101\u0123u skaid\u0101m.<br \/>\nLiela kaste ve\u013cai, \u0113rta gu\u013camvieta.<br \/>\n\u0160is modelis un izm\u0113rs lieliski ieder\u0113sies jebkur\u0101 interjer\u0101.<\/p>\n","protected":false},"featured_media":15583,"template":"","meta":{"neve_meta_sidebar":"","neve_meta_container":"","neve_meta_enable_content_width":"off","neve_meta_content_width":100,"neve_meta_title_alignment":"","neve_meta_author_avatar":"","neve_post_elements_order":"","neve_meta_disable_header":"","neve_meta_disable_footer":"","neve_meta_disable_title":""},"product_cat":[57],"product_tag":[],"_links":{"self":[{"href":"https:\/\/mebelunams.lv\/index.php?rest_route=\/wp\/v2\/product\/15581"}],"collection":[{"href":"https:\/\/mebelunams.lv\/index.php?rest_route=\/wp\/v2\/product"}],"about":[{"href":"https:\/\/mebelunams.lv\/index.php?rest_route=\/wp\/v2\/types\/product"}],"wp:featuredmedia":[{"embeddable":true,"href":"https:\/\/mebelunams.lv\/index.php?rest_route=\/wp\/v2\/media\/15583"}],"wp:attachment":[{"href":"https:\/\/mebelunams.lv\/index.php?rest_route=%2Fwp%2Fv2%2Fmedia&parent=15581"}],"wp:term":[{"taxonomy":"product_cat","embeddable":true,"href":"https:\/\/mebelunams.lv\/index.php?rest_route=%2Fwp%2Fv2%2Fproduct_cat&post=15581"},{"taxonomy":"product_tag","embeddable":true,"href":"https:\/\/mebelunams.lv\/index.php?rest_route=%2Fwp%2Fv2%2Fproduct_tag&post=15581"}],"curies":[{"name":"wp","href":"https:\/\/api.w.org\/{rel}","templated":true}]}}