{"id":15569,"date":"2023-08-13T13:00:50","date_gmt":"2023-08-13T11:00:50","guid":{"rendered":"https:\/\/mebelunams.lv\/?post_type=product&#038;p=15569"},"modified":"2024-04-24T18:36:10","modified_gmt":"2024-04-24T16:36:10","slug":"bernu-divans-roma","status":"publish","type":"product","link":"https:\/\/mebelunams.lv\/?product=bernu-divans-roma","title":{"rendered":"d\u012bv\u0101ns Roma"},"content":{"rendered":"","protected":false},"excerpt":{"rendered":"<p>D\u012bv\u0101ns \u2013 Gulta ir paredz\u0113ts ikdienas lieto\u0161anai.<br \/>\nD\u012bv\u0101na pild\u012bjum\u0101 izmantojam Zig-Zag atsperes un kvalitat\u012bvas<br \/>\npoliuret\u0101na putas.<br \/>\nD\u012bv\u0101ns lieliski piem\u0113rots gan s\u0113d\u0113\u0161anai, gan labam miegam!<\/p>\n<p>Kvalitat\u012bvs un viegli kopjams audums;<br \/>\nVisa konstrukcija ir izgatavota no finiera (sapl\u0101k\u0161\u0146a), kalpos tr\u012bs<br \/>\nreizes ilg\u0101k nek\u0101 r\u0101mis, kas izgatavots no koka \/ z\u0101\u0123u skaid\u0101m.<br \/>\nLiela kaste ve\u013cai;<br \/>\n\u0112rta gu\u013camvieta.<br \/>\nD\u012bv\u0101na modelis un izm\u0113rs lieliski ieder\u0113sies jebkur\u0101 interjer\u0101.<\/p>\n<p><strong>\u0100r\u0113jais izm\u0113rs:<\/strong> 147 \u00d7 87 x 76 cm<br \/>\n<strong>Gu\u013cam\u0101 plat\u012bba:<\/strong> 70 x 200 cm<\/p>\n<p>Audumi: Luis 32; 23; 4; 19<\/p>\n","protected":false},"featured_media":15571,"template":"","meta":{"neve_meta_sidebar":"","neve_meta_container":"","neve_meta_enable_content_width":"off","neve_meta_content_width":100,"neve_meta_title_alignment":"","neve_meta_author_avatar":"","neve_post_elements_order":"","neve_meta_disable_header":"","neve_meta_disable_footer":"","neve_meta_disable_title":""},"product_cat":[57,3197],"product_tag":[],"_links":{"self":[{"href":"https:\/\/mebelunams.lv\/index.php?rest_route=\/wp\/v2\/product\/15569"}],"collection":[{"href":"https:\/\/mebelunams.lv\/index.php?rest_route=\/wp\/v2\/product"}],"about":[{"href":"https:\/\/mebelunams.lv\/index.php?rest_route=\/wp\/v2\/types\/product"}],"wp:featuredmedia":[{"embeddable":true,"href":"https:\/\/mebelunams.lv\/index.php?rest_route=\/wp\/v2\/media\/15571"}],"wp:attachment":[{"href":"https:\/\/mebelunams.lv\/index.php?rest_route=%2Fwp%2Fv2%2Fmedia&parent=15569"}],"wp:term":[{"taxonomy":"product_cat","embeddable":true,"href":"https:\/\/mebelunams.lv\/index.php?rest_route=%2Fwp%2Fv2%2Fproduct_cat&post=15569"},{"taxonomy":"product_tag","embeddable":true,"href":"https:\/\/mebelunams.lv\/index.php?rest_route=%2Fwp%2Fv2%2Fproduct_tag&post=15569"}],"curies":[{"name":"wp","href":"https:\/\/api.w.org\/{rel}","templated":true}]}}