{"id":15493,"date":"2023-07-30T10:12:26","date_gmt":"2023-07-30T08:12:26","guid":{"rendered":"https:\/\/mebelunams.lv\/?post_type=product&#038;p=15493"},"modified":"2024-04-24T18:36:42","modified_gmt":"2024-04-24T16:36:42","slug":"matracis-latex-comfort-200-x-200","status":"publish","type":"product","link":"https:\/\/mebelunams.lv\/?product=matracis-latex-comfort-200-x-200","title":{"rendered":"matracis Latex Comfort 200 X 200"},"content":{"rendered":"","protected":false},"excerpt":{"rendered":"<p>Daudzsl\u0101\u0146u m\u012bksts vienpus\u0113js matracis.\u00a0 Matra\u010da ra\u017eo\u0161anai izmantotais latekss (tropiskais kau\u010duks) nodro\u0161ina svaiguma saj\u016btu lateksa porain\u0101s strukt\u016bras d\u0113\u013c. Matracim piem\u012bt perimetra pastiprin\u0101jums, k\u0101 ar\u012b ortop\u0113diskais efekts Pocket atsperu d\u0113\u013c.<\/p>\n","protected":false},"featured_media":15475,"template":"","meta":{"neve_meta_sidebar":"","neve_meta_container":"","neve_meta_enable_content_width":"off","neve_meta_content_width":100,"neve_meta_title_alignment":"","neve_meta_author_avatar":"","neve_post_elements_order":"","neve_meta_disable_header":"","neve_meta_disable_footer":"","neve_meta_disable_title":""},"product_cat":[76],"product_tag":[],"_links":{"self":[{"href":"https:\/\/mebelunams.lv\/index.php?rest_route=\/wp\/v2\/product\/15493"}],"collection":[{"href":"https:\/\/mebelunams.lv\/index.php?rest_route=\/wp\/v2\/product"}],"about":[{"href":"https:\/\/mebelunams.lv\/index.php?rest_route=\/wp\/v2\/types\/product"}],"wp:featuredmedia":[{"embeddable":true,"href":"https:\/\/mebelunams.lv\/index.php?rest_route=\/wp\/v2\/media\/15475"}],"wp:attachment":[{"href":"https:\/\/mebelunams.lv\/index.php?rest_route=%2Fwp%2Fv2%2Fmedia&parent=15493"}],"wp:term":[{"taxonomy":"product_cat","embeddable":true,"href":"https:\/\/mebelunams.lv\/index.php?rest_route=%2Fwp%2Fv2%2Fproduct_cat&post=15493"},{"taxonomy":"product_tag","embeddable":true,"href":"https:\/\/mebelunams.lv\/index.php?rest_route=%2Fwp%2Fv2%2Fproduct_tag&post=15493"}],"curies":[{"name":"wp","href":"https:\/\/api.w.org\/{rel}","templated":true}]}}