{"id":15371,"date":"2023-07-26T12:21:23","date_gmt":"2023-07-26T10:21:23","guid":{"rendered":"https:\/\/mebelunams.lv\/?post_type=product&#038;p=15371"},"modified":"2024-04-24T19:05:19","modified_gmt":"2024-04-24T17:05:19","slug":"matracis-oscar-180-x-200","status":"publish","type":"product","link":"https:\/\/mebelunams.lv\/?product=matracis-oscar-180-x-200","title":{"rendered":"matracis Oscar 180 X 200"},"content":{"rendered":"","protected":false},"excerpt":{"rendered":"<p>Daudzsl\u0101\u0146u vid\u0113ji ciets vienpus\u0113js matracis 33 cm augstum\u0101. Matracis sast\u0101v no bonnel atsper\u0113m ar piln\u012bb\u0101 ortop\u0113disku strukt\u016bru, kas l\u012bdzsvaro spiedienu. Matra\u010da virsm\u0101 izmantotais pl\u012b\u0161a audums nodro\u0161ina matracim dabisku maigumu.<\/p>\n","protected":false},"featured_media":15360,"template":"","meta":{"neve_meta_sidebar":"","neve_meta_container":"","neve_meta_enable_content_width":"off","neve_meta_content_width":100,"neve_meta_title_alignment":"","neve_meta_author_avatar":"","neve_post_elements_order":"","neve_meta_disable_header":"","neve_meta_disable_footer":"","neve_meta_disable_title":""},"product_cat":[53],"product_tag":[],"_links":{"self":[{"href":"https:\/\/mebelunams.lv\/index.php?rest_route=\/wp\/v2\/product\/15371"}],"collection":[{"href":"https:\/\/mebelunams.lv\/index.php?rest_route=\/wp\/v2\/product"}],"about":[{"href":"https:\/\/mebelunams.lv\/index.php?rest_route=\/wp\/v2\/types\/product"}],"wp:featuredmedia":[{"embeddable":true,"href":"https:\/\/mebelunams.lv\/index.php?rest_route=\/wp\/v2\/media\/15360"}],"wp:attachment":[{"href":"https:\/\/mebelunams.lv\/index.php?rest_route=%2Fwp%2Fv2%2Fmedia&parent=15371"}],"wp:term":[{"taxonomy":"product_cat","embeddable":true,"href":"https:\/\/mebelunams.lv\/index.php?rest_route=%2Fwp%2Fv2%2Fproduct_cat&post=15371"},{"taxonomy":"product_tag","embeddable":true,"href":"https:\/\/mebelunams.lv\/index.php?rest_route=%2Fwp%2Fv2%2Fproduct_tag&post=15371"}],"curies":[{"name":"wp","href":"https:\/\/api.w.org\/{rel}","templated":true}]}}