{"id":15275,"date":"2023-07-22T11:36:55","date_gmt":"2023-07-22T09:36:55","guid":{"rendered":"https:\/\/mebelunams.lv\/?post_type=product&#038;p=15275"},"modified":"2026-03-26T15:48:07","modified_gmt":"2026-03-26T13:48:07","slug":"divans-dace-r","status":"publish","type":"product","link":"https:\/\/mebelunams.lv\/?product=divans-dace-r","title":{"rendered":"d\u012bv\u0101ns Dace R"},"content":{"rendered":"","protected":false},"excerpt":{"rendered":"<p><strong>Kop\u0113jais izm\u0113rs:<\/strong> 220 x 103 cm<br \/>\n<strong>Gu\u013cam\u0101 plat\u012bba:<\/strong>\u00a0160 x 195 cm<\/p>\n<p><strong>Ietilp\u012bga kaste ve\u013cai.<\/strong><\/p>\n<p><strong>Lifta meh\u0101nisms \u013caus atv\u0113rt d\u012bv\u0101nu, neboj\u0101jot gr\u012bdas segumu.<\/strong><\/p>\n<p><em><strong>Preces cena pas\u016btot izv\u0113les audum\u0101: 749.- eiro<\/strong><\/em><\/p>\n<p><a href=\"https:\/\/www.litena.lt\/\">https:\/\/www.litena.lt\/<\/a><\/p>\n<p><a href=\"https:\/\/www.davis.pl\/en\/home\/\">https:\/\/www.davis.pl\/en\/home\/<\/a><\/p>\n","protected":false},"featured_media":15276,"template":"","meta":{"neve_meta_sidebar":"","neve_meta_container":"","neve_meta_enable_content_width":"off","neve_meta_content_width":100,"neve_meta_title_alignment":"","neve_meta_author_avatar":"","neve_post_elements_order":"","neve_meta_disable_header":"","neve_meta_disable_footer":"","neve_meta_disable_title":""},"product_cat":[57],"product_tag":[],"_links":{"self":[{"href":"https:\/\/mebelunams.lv\/index.php?rest_route=\/wp\/v2\/product\/15275"}],"collection":[{"href":"https:\/\/mebelunams.lv\/index.php?rest_route=\/wp\/v2\/product"}],"about":[{"href":"https:\/\/mebelunams.lv\/index.php?rest_route=\/wp\/v2\/types\/product"}],"wp:featuredmedia":[{"embeddable":true,"href":"https:\/\/mebelunams.lv\/index.php?rest_route=\/wp\/v2\/media\/15276"}],"wp:attachment":[{"href":"https:\/\/mebelunams.lv\/index.php?rest_route=%2Fwp%2Fv2%2Fmedia&parent=15275"}],"wp:term":[{"taxonomy":"product_cat","embeddable":true,"href":"https:\/\/mebelunams.lv\/index.php?rest_route=%2Fwp%2Fv2%2Fproduct_cat&post=15275"},{"taxonomy":"product_tag","embeddable":true,"href":"https:\/\/mebelunams.lv\/index.php?rest_route=%2Fwp%2Fv2%2Fproduct_tag&post=15275"}],"curies":[{"name":"wp","href":"https:\/\/api.w.org\/{rel}","templated":true}]}}