{"id":15199,"date":"2023-06-05T14:38:02","date_gmt":"2023-06-05T12:38:02","guid":{"rendered":"https:\/\/mebelunams.lv\/?post_type=product&#038;p=15199"},"modified":"2026-01-15T15:43:35","modified_gmt":"2026-01-15T13:43:35","slug":"izvelkams-galds-anabella","status":"publish","type":"product","link":"https:\/\/mebelunams.lv\/?product=izvelkams-galds-anabella","title":{"rendered":"izvelkams galds Anabella"},"content":{"rendered":"","protected":false},"excerpt":{"rendered":"<p><strong>Augstums:<\/strong> 76 cm<br \/>\n<strong>Platums:<\/strong> 180-270 cm<br \/>\n<strong>Dzi\u013cums:<\/strong> 100 cm<\/p>\n<p>Galda virsma veidota no MDF, bet k\u0101jas &#8211; no b\u0113rza koksnes. Galdu var pagarin\u0101t.<\/p>\n<p>&nbsp;<\/p>\n","protected":false},"featured_media":15201,"template":"","meta":{"neve_meta_sidebar":"","neve_meta_container":"","neve_meta_enable_content_width":"off","neve_meta_content_width":70,"neve_meta_title_alignment":"","neve_meta_author_avatar":"","neve_post_elements_order":"","neve_meta_disable_header":"","neve_meta_disable_footer":"","neve_meta_disable_title":""},"product_cat":[35],"product_tag":[],"_links":{"self":[{"href":"https:\/\/mebelunams.lv\/index.php?rest_route=\/wp\/v2\/product\/15199"}],"collection":[{"href":"https:\/\/mebelunams.lv\/index.php?rest_route=\/wp\/v2\/product"}],"about":[{"href":"https:\/\/mebelunams.lv\/index.php?rest_route=\/wp\/v2\/types\/product"}],"wp:featuredmedia":[{"embeddable":true,"href":"https:\/\/mebelunams.lv\/index.php?rest_route=\/wp\/v2\/media\/15201"}],"wp:attachment":[{"href":"https:\/\/mebelunams.lv\/index.php?rest_route=%2Fwp%2Fv2%2Fmedia&parent=15199"}],"wp:term":[{"taxonomy":"product_cat","embeddable":true,"href":"https:\/\/mebelunams.lv\/index.php?rest_route=%2Fwp%2Fv2%2Fproduct_cat&post=15199"},{"taxonomy":"product_tag","embeddable":true,"href":"https:\/\/mebelunams.lv\/index.php?rest_route=%2Fwp%2Fv2%2Fproduct_tag&post=15199"}],"curies":[{"name":"wp","href":"https:\/\/api.w.org\/{rel}","templated":true}]}}