{"id":15187,"date":"2023-06-05T14:17:46","date_gmt":"2023-06-05T12:17:46","guid":{"rendered":"https:\/\/mebelunams.lv\/?post_type=product&#038;p=15187"},"modified":"2024-09-13T17:33:58","modified_gmt":"2024-09-13T15:33:58","slug":"skapis-hanna","status":"publish","type":"product","link":"https:\/\/mebelunams.lv\/?product=skapis-hanna","title":{"rendered":"skapis Hanna"},"content":{"rendered":"","protected":false},"excerpt":{"rendered":"<p><strong>Augstums:<\/strong> 215 cm<br \/>\n<strong>Platums:<\/strong> 280 cm<br \/>\n<strong>Dzi\u013cums:<\/strong> 60 cm<\/p>\n<p>&nbsp;<\/p>\n<p>Skapis sast\u0101v no tr\u012bs da\u013c\u0101m, kur\u0101 katr\u0101 ir viens plaukts un viena dr\u0113bju karam\u0101 zona.<\/p>\n<p>&nbsp;<\/p>\n","protected":false},"featured_media":15189,"template":"","meta":{"neve_meta_sidebar":"","neve_meta_container":"","neve_meta_enable_content_width":"off","neve_meta_content_width":70,"neve_meta_title_alignment":"","neve_meta_author_avatar":"","neve_post_elements_order":"","neve_meta_disable_header":"","neve_meta_disable_footer":"","neve_meta_disable_title":""},"product_cat":[20],"product_tag":[],"_links":{"self":[{"href":"https:\/\/mebelunams.lv\/index.php?rest_route=\/wp\/v2\/product\/15187"}],"collection":[{"href":"https:\/\/mebelunams.lv\/index.php?rest_route=\/wp\/v2\/product"}],"about":[{"href":"https:\/\/mebelunams.lv\/index.php?rest_route=\/wp\/v2\/types\/product"}],"wp:featuredmedia":[{"embeddable":true,"href":"https:\/\/mebelunams.lv\/index.php?rest_route=\/wp\/v2\/media\/15189"}],"wp:attachment":[{"href":"https:\/\/mebelunams.lv\/index.php?rest_route=%2Fwp%2Fv2%2Fmedia&parent=15187"}],"wp:term":[{"taxonomy":"product_cat","embeddable":true,"href":"https:\/\/mebelunams.lv\/index.php?rest_route=%2Fwp%2Fv2%2Fproduct_cat&post=15187"},{"taxonomy":"product_tag","embeddable":true,"href":"https:\/\/mebelunams.lv\/index.php?rest_route=%2Fwp%2Fv2%2Fproduct_tag&post=15187"}],"curies":[{"name":"wp","href":"https:\/\/api.w.org\/{rel}","templated":true}]}}