{"id":14707,"date":"2023-03-05T09:59:48","date_gmt":"2023-03-05T07:59:48","guid":{"rendered":"https:\/\/mebelunams.lv\/?post_type=product&#038;p=14707"},"modified":"2023-03-05T10:04:56","modified_gmt":"2023-03-05T08:04:56","slug":"gulta-comfort-ped-180-x-200","status":"publish","type":"product","link":"https:\/\/mebelunams.lv\/?product=gulta-comfort-ped-180-x-200","title":{"rendered":"gulta Comfort Ped 180 X 200"},"content":{"rendered":"<p>Preci iesp\u0113jams pas\u016bt\u012bt, zvanot uz tel. 20207488, vai ieg\u0101d\u0101ties veikal\u0101 Maskavas iel\u0101 322.<\/p>\n","protected":false},"excerpt":{"rendered":"<p><strong>Gu\u013cam\u0101 plat\u012bba:<\/strong> 180 X 200 cm<\/p>\n<p><strong><span style=\"color: #993300;\">Cena nor\u0101d\u012bta bez matra\u010da.<\/span><\/strong><\/p>\n<p><strong>\u2192 (platums)<\/strong> : 185 cm<\/p>\n<p><strong>\u2191 (augstums)<\/strong> : 128 cm (38 cm)<\/p>\n<p><strong>\/ (dzi\u013cums)<\/strong> : 217 cm<\/p>\n","protected":false},"featured_media":14709,"template":"","meta":{"neve_meta_sidebar":"","neve_meta_container":"","neve_meta_enable_content_width":"off","neve_meta_content_width":70,"neve_meta_title_alignment":"","neve_meta_author_avatar":"","neve_post_elements_order":"","neve_meta_disable_header":"","neve_meta_disable_footer":"","neve_meta_disable_title":""},"product_cat":[39],"product_tag":[],"_links":{"self":[{"href":"https:\/\/mebelunams.lv\/index.php?rest_route=\/wp\/v2\/product\/14707"}],"collection":[{"href":"https:\/\/mebelunams.lv\/index.php?rest_route=\/wp\/v2\/product"}],"about":[{"href":"https:\/\/mebelunams.lv\/index.php?rest_route=\/wp\/v2\/types\/product"}],"wp:featuredmedia":[{"embeddable":true,"href":"https:\/\/mebelunams.lv\/index.php?rest_route=\/wp\/v2\/media\/14709"}],"wp:attachment":[{"href":"https:\/\/mebelunams.lv\/index.php?rest_route=%2Fwp%2Fv2%2Fmedia&parent=14707"}],"wp:term":[{"taxonomy":"product_cat","embeddable":true,"href":"https:\/\/mebelunams.lv\/index.php?rest_route=%2Fwp%2Fv2%2Fproduct_cat&post=14707"},{"taxonomy":"product_tag","embeddable":true,"href":"https:\/\/mebelunams.lv\/index.php?rest_route=%2Fwp%2Fv2%2Fproduct_tag&post=14707"}],"curies":[{"name":"wp","href":"https:\/\/api.w.org\/{rel}","templated":true}]}}