{"id":14326,"date":"2023-02-20T22:37:54","date_gmt":"2023-02-20T20:37:54","guid":{"rendered":"https:\/\/mebelunams.lv\/?post_type=product&#038;p=14326"},"modified":"2023-02-20T22:40:03","modified_gmt":"2023-02-20T20:40:03","slug":"gulta-climate-balance-90-x-200","status":"publish","type":"product","link":"https:\/\/mebelunams.lv\/?product=gulta-climate-balance-90-x-200","title":{"rendered":"gulta Climate Balance 90 X 200"},"content":{"rendered":"","protected":false},"excerpt":{"rendered":"<p>Gulta Climate Balance ar pacel\u0161anas meh\u0101nismu,ve\u013cas kasti un matraci. M\u012bksts galvgalis un m\u012bkstas malas. Gultas pamats uz koka k\u0101jam. Matracis ir vid\u0113ji ciets. Bonell atsperes, &#8220;memory foam&#8221;, ortop\u0113diskais efekts, perimetra pastiprin\u0101jums.<\/p>\n<p>Cena ir atkar\u012bga no matra\u010da izm\u0113ra, t\u0101 nor\u0101d\u012bta par gultu ar matra\u010da izm\u0113ru 90 x 200 cm.<\/p>\n<p>Papildus var pas\u016bt\u012bt <em><a href=\"https:\/\/mebelunams.lv\/?product=naktsskapitis-climate-balance\">naktsskap\u012bti<\/a>, <a href=\"https:\/\/mebelunams.lv\/?product=pufs-moon\">pufu<\/a><\/em><\/p>\n","protected":false},"featured_media":14311,"template":"","meta":{"neve_meta_sidebar":"","neve_meta_container":"","neve_meta_enable_content_width":"off","neve_meta_content_width":70,"neve_meta_title_alignment":"","neve_meta_author_avatar":"","neve_post_elements_order":"","neve_meta_disable_header":"","neve_meta_disable_footer":"","neve_meta_disable_title":""},"product_cat":[40],"product_tag":[],"_links":{"self":[{"href":"https:\/\/mebelunams.lv\/index.php?rest_route=\/wp\/v2\/product\/14326"}],"collection":[{"href":"https:\/\/mebelunams.lv\/index.php?rest_route=\/wp\/v2\/product"}],"about":[{"href":"https:\/\/mebelunams.lv\/index.php?rest_route=\/wp\/v2\/types\/product"}],"wp:featuredmedia":[{"embeddable":true,"href":"https:\/\/mebelunams.lv\/index.php?rest_route=\/wp\/v2\/media\/14311"}],"wp:attachment":[{"href":"https:\/\/mebelunams.lv\/index.php?rest_route=%2Fwp%2Fv2%2Fmedia&parent=14326"}],"wp:term":[{"taxonomy":"product_cat","embeddable":true,"href":"https:\/\/mebelunams.lv\/index.php?rest_route=%2Fwp%2Fv2%2Fproduct_cat&post=14326"},{"taxonomy":"product_tag","embeddable":true,"href":"https:\/\/mebelunams.lv\/index.php?rest_route=%2Fwp%2Fv2%2Fproduct_tag&post=14326"}],"curies":[{"name":"wp","href":"https:\/\/api.w.org\/{rel}","templated":true}]}}