{"id":14186,"date":"2023-02-18T16:14:23","date_gmt":"2023-02-18T14:14:23","guid":{"rendered":"https:\/\/mebelunams.lv\/?post_type=product&#038;p=14186"},"modified":"2023-02-18T16:15:12","modified_gmt":"2023-02-18T14:15:12","slug":"gulta-oscar-180-x-200","status":"publish","type":"product","link":"https:\/\/mebelunams.lv\/?product=gulta-oscar-180-x-200","title":{"rendered":"gulta Oscar 180 X 200"},"content":{"rendered":"","protected":false},"excerpt":{"rendered":"<p>Gulta Oscar ar pacel\u0161anas meh\u0101nismu,ve\u013cas kasti un matraci. M\u012bksts galvgalis un m\u012bkstas malas. Gultas pamats uz koka k\u0101jam. Matracis ir daudzsl\u0101\u0146u, 33 cm augstum\u0101, matracis vid\u0113ji ciets. Ortop\u0113disk\u0101s atsperes Bonnel, ortop\u0113diskais efekts, perimetra pastiprin\u0101jums.<\/p>\n<p>Papildus var pas\u016bt\u012bt <em><a href=\"https:\/\/mebelunams.lv\/?product=naktsskapitis-oscar\">naktsskap\u012bti<\/a>, <a href=\"https:\/\/mebelunams.lv\/?product=pufs-moon\">pufu<\/a>,<a href=\"https:\/\/mebelunams.lv\/?product=solins-oscar\"> soli\u0146u.<\/a><\/em><\/p>\n","protected":false},"featured_media":12901,"template":"","meta":{"neve_meta_sidebar":"","neve_meta_container":"","neve_meta_enable_content_width":"off","neve_meta_content_width":70,"neve_meta_title_alignment":"","neve_meta_author_avatar":"","neve_post_elements_order":"","neve_meta_disable_header":"","neve_meta_disable_footer":"","neve_meta_disable_title":""},"product_cat":[39],"product_tag":[],"_links":{"self":[{"href":"https:\/\/mebelunams.lv\/index.php?rest_route=\/wp\/v2\/product\/14186"}],"collection":[{"href":"https:\/\/mebelunams.lv\/index.php?rest_route=\/wp\/v2\/product"}],"about":[{"href":"https:\/\/mebelunams.lv\/index.php?rest_route=\/wp\/v2\/types\/product"}],"wp:featuredmedia":[{"embeddable":true,"href":"https:\/\/mebelunams.lv\/index.php?rest_route=\/wp\/v2\/media\/12901"}],"wp:attachment":[{"href":"https:\/\/mebelunams.lv\/index.php?rest_route=%2Fwp%2Fv2%2Fmedia&parent=14186"}],"wp:term":[{"taxonomy":"product_cat","embeddable":true,"href":"https:\/\/mebelunams.lv\/index.php?rest_route=%2Fwp%2Fv2%2Fproduct_cat&post=14186"},{"taxonomy":"product_tag","embeddable":true,"href":"https:\/\/mebelunams.lv\/index.php?rest_route=%2Fwp%2Fv2%2Fproduct_tag&post=14186"}],"curies":[{"name":"wp","href":"https:\/\/api.w.org\/{rel}","templated":true}]}}