{"id":14115,"date":"2023-02-17T16:32:13","date_gmt":"2023-02-17T14:32:13","guid":{"rendered":"https:\/\/mebelunams.lv\/?post_type=product&#038;p=14115"},"modified":"2023-02-17T16:33:39","modified_gmt":"2023-02-17T14:33:39","slug":"gulta-babylon-90-x-200","status":"publish","type":"product","link":"https:\/\/mebelunams.lv\/?product=gulta-babylon-90-x-200","title":{"rendered":"gulta Babylon 90 X 200"},"content":{"rendered":"","protected":false},"excerpt":{"rendered":"<p>Gu\u013cam\u0101 plat\u012bba: 90 X 200 cm<\/p>\n<p>Pieejamas gultas ar\u012b citos izm\u0113ros,<\/p>\n<p>Naktsskap\u012b\u0161i un pufs ar v\u0101ku nav iek\u013cauti cen\u0101.<\/p>\n","protected":false},"featured_media":10439,"template":"","meta":{"neve_meta_sidebar":"","neve_meta_container":"","neve_meta_enable_content_width":"off","neve_meta_content_width":70,"neve_meta_title_alignment":"","neve_meta_author_avatar":"","neve_post_elements_order":"","neve_meta_disable_header":"","neve_meta_disable_footer":"","neve_meta_disable_title":""},"product_cat":[40],"product_tag":[],"_links":{"self":[{"href":"https:\/\/mebelunams.lv\/index.php?rest_route=\/wp\/v2\/product\/14115"}],"collection":[{"href":"https:\/\/mebelunams.lv\/index.php?rest_route=\/wp\/v2\/product"}],"about":[{"href":"https:\/\/mebelunams.lv\/index.php?rest_route=\/wp\/v2\/types\/product"}],"wp:featuredmedia":[{"embeddable":true,"href":"https:\/\/mebelunams.lv\/index.php?rest_route=\/wp\/v2\/media\/10439"}],"wp:attachment":[{"href":"https:\/\/mebelunams.lv\/index.php?rest_route=%2Fwp%2Fv2%2Fmedia&parent=14115"}],"wp:term":[{"taxonomy":"product_cat","embeddable":true,"href":"https:\/\/mebelunams.lv\/index.php?rest_route=%2Fwp%2Fv2%2Fproduct_cat&post=14115"},{"taxonomy":"product_tag","embeddable":true,"href":"https:\/\/mebelunams.lv\/index.php?rest_route=%2Fwp%2Fv2%2Fproduct_tag&post=14115"}],"curies":[{"name":"wp","href":"https:\/\/api.w.org\/{rel}","templated":true}]}}