{"id":14015,"date":"2023-02-06T22:59:43","date_gmt":"2023-02-06T20:59:43","guid":{"rendered":"https:\/\/mebelunams.lv\/?post_type=product&#038;p=14015"},"modified":"2026-03-26T15:24:23","modified_gmt":"2026-03-26T13:24:23","slug":"kresls-dace","status":"publish","type":"product","link":"https:\/\/mebelunams.lv\/?product=kresls-dace","title":{"rendered":"kr\u0113sls Dace"},"content":{"rendered":"<p>Preci iesp\u0113jams pas\u016bt\u012bt, zvanot uz tel. 20207488, vai ieg\u0101d\u0101ties veikal\u0101 Latgales iel\u0101 322.<\/p>\n","protected":false},"excerpt":{"rendered":"<p>Standarta kr\u0113sla izm\u0113ri:<br \/>\nKop\u0113jais platums- 83cm<br \/>\nDzi\u013cums- 92cm<\/p>\n<p>Standarta pild\u012bjum\u0101:<br \/>\n5cm koka r\u0101mis,<br \/>\nAtsperu bloks,<br \/>\n2cm putu poliuret\u0101ns,<br \/>\n2cm vatel\u012bns.<\/p>\n<p>Iesp\u0113ja pas\u016bt\u012bt da\u017e\u0101dos audumos no<br \/>\n<a href=\"https:\/\/www.litena.lt\/audiniu-parduotuve\/\" target=\"_blank\" rel=\"noopener\">https:\/\/www.litena.lt\/audiniu-parduotuve\/<\/a><br \/>\n<a href=\"https:\/\/www.davis.pl\/\" target=\"_blank\" rel=\"noopener\">https:\/\/www.davis.pl\/<\/a><\/p>\n<p>Preces cena pas\u016btot izv\u0113les audum\u0101: <em><strong>300.- eiro<\/strong><\/em><\/p>\n","protected":false},"featured_media":14016,"template":"","meta":{"neve_meta_sidebar":"","neve_meta_container":"","neve_meta_enable_content_width":"off","neve_meta_content_width":70,"neve_meta_title_alignment":"","neve_meta_author_avatar":"","neve_post_elements_order":"","neve_meta_disable_header":"","neve_meta_disable_footer":"","neve_meta_disable_title":""},"product_cat":[43],"product_tag":[],"_links":{"self":[{"href":"https:\/\/mebelunams.lv\/index.php?rest_route=\/wp\/v2\/product\/14015"}],"collection":[{"href":"https:\/\/mebelunams.lv\/index.php?rest_route=\/wp\/v2\/product"}],"about":[{"href":"https:\/\/mebelunams.lv\/index.php?rest_route=\/wp\/v2\/types\/product"}],"wp:featuredmedia":[{"embeddable":true,"href":"https:\/\/mebelunams.lv\/index.php?rest_route=\/wp\/v2\/media\/14016"}],"wp:attachment":[{"href":"https:\/\/mebelunams.lv\/index.php?rest_route=%2Fwp%2Fv2%2Fmedia&parent=14015"}],"wp:term":[{"taxonomy":"product_cat","embeddable":true,"href":"https:\/\/mebelunams.lv\/index.php?rest_route=%2Fwp%2Fv2%2Fproduct_cat&post=14015"},{"taxonomy":"product_tag","embeddable":true,"href":"https:\/\/mebelunams.lv\/index.php?rest_route=%2Fwp%2Fv2%2Fproduct_tag&post=14015"}],"curies":[{"name":"wp","href":"https:\/\/api.w.org\/{rel}","templated":true}]}}