{"id":13756,"date":"2022-11-26T21:43:52","date_gmt":"2022-11-26T19:43:52","guid":{"rendered":"https:\/\/mebelunams.lv\/?post_type=product&#038;p=13756"},"modified":"2023-02-18T17:07:38","modified_gmt":"2023-02-18T15:07:38","slug":"gulta-visco-lux-grey-200-x200","status":"publish","type":"product","link":"https:\/\/mebelunams.lv\/?product=gulta-visco-lux-grey-200-x200","title":{"rendered":"gulta Visco Lux Grey 200 x200"},"content":{"rendered":"","protected":false},"excerpt":{"rendered":"<p>Gulta Visco Lux Grey ar pacel\u0161anas meh\u0101nismu,ve\u013cas kasti un matraci. M\u012bksts galvgalis un m\u012bkstas malas. Gultas pamats uz koka k\u0101jam. Matracis ir daudzsl\u0101\u0146u 33 cm augstum\u0101, matracis vid\u0113ji ciets. Neatkar\u012bgas 2 sl\u0101\u0146u atsperes Pocket, ortop\u0113diskais efekts, perimetra pastiprin\u0101jums.<\/p>\n<p>Cena ir atkar\u012bga no matra\u010da izm\u0113ra, t\u0101 nor\u0101d\u012bta par gultu ar matra\u010da izm\u0113ru 200 x 200 cm.<\/p>\n<p>Papildus var pas\u016bt\u012bt <em><a href=\"https:\/\/mebelunams.lv\/?product=naktsskapitis-visco-lux-grey\">naktsskap\u012bti<\/a>, <a href=\"https:\/\/mebelunams.lv\/?product=pufs-moon\">pufu<\/a>,<a href=\"https:\/\/mebelunams.lv\/?product=solins-visco-lux-grey\"> soli\u0146u.<\/a><\/em><\/p>\n","protected":false},"featured_media":13004,"template":"","meta":{"neve_meta_sidebar":"","neve_meta_container":"","neve_meta_enable_content_width":"off","neve_meta_content_width":70,"neve_meta_title_alignment":"","neve_meta_author_avatar":"","neve_post_elements_order":"","neve_meta_disable_header":"","neve_meta_disable_footer":"","neve_meta_disable_title":""},"product_cat":[3334],"product_tag":[],"_links":{"self":[{"href":"https:\/\/mebelunams.lv\/index.php?rest_route=\/wp\/v2\/product\/13756"}],"collection":[{"href":"https:\/\/mebelunams.lv\/index.php?rest_route=\/wp\/v2\/product"}],"about":[{"href":"https:\/\/mebelunams.lv\/index.php?rest_route=\/wp\/v2\/types\/product"}],"wp:featuredmedia":[{"embeddable":true,"href":"https:\/\/mebelunams.lv\/index.php?rest_route=\/wp\/v2\/media\/13004"}],"wp:attachment":[{"href":"https:\/\/mebelunams.lv\/index.php?rest_route=%2Fwp%2Fv2%2Fmedia&parent=13756"}],"wp:term":[{"taxonomy":"product_cat","embeddable":true,"href":"https:\/\/mebelunams.lv\/index.php?rest_route=%2Fwp%2Fv2%2Fproduct_cat&post=13756"},{"taxonomy":"product_tag","embeddable":true,"href":"https:\/\/mebelunams.lv\/index.php?rest_route=%2Fwp%2Fv2%2Fproduct_tag&post=13756"}],"curies":[{"name":"wp","href":"https:\/\/api.w.org\/{rel}","templated":true}]}}