{"id":13690,"date":"2022-11-24T23:59:33","date_gmt":"2022-11-24T21:59:33","guid":{"rendered":"https:\/\/mebelunams.lv\/?post_type=product&#038;p=13690"},"modified":"2023-02-17T17:28:45","modified_gmt":"2023-02-17T15:28:45","slug":"gulta-magnezia-140-x-200","status":"publish","type":"product","link":"https:\/\/mebelunams.lv\/?product=gulta-magnezia-140-x-200","title":{"rendered":"gulta Magnezia 140 X 200"},"content":{"rendered":"","protected":false},"excerpt":{"rendered":"<p>Gulta Magnezia ar pacel\u0161anas meh\u0101nismu,ve\u013cas kasti un matraci.<\/p>\n<p>Grezns, m\u012bksts galvgalis un m\u012bkstas malas.<\/p>\n<p>Gultas pamats uz koka k\u0101j\u0101m.<\/p>\n<p>Daudzsl\u0101\u0146u matracis 36 cm augsts, ar neatkar\u012bgaj\u0101m atsper\u0113m, perimetra pastiprin\u0101jumu, ortop\u0113disku efektu.<\/p>\n<p><strong>Cena ir atkar\u012bga no matra\u010da izm\u0113ra. <\/strong>Cena nor\u0101d\u012bta par matra\u010da izm\u0113ru 140*200 cm.<\/p>\n<p>Papildus var pas\u016bt\u012bt:<\/p>\n<p><a href=\"https:\/\/mebelunams.lv\/?product=naktsskapitis-magnezia\">naktsskap\u012b\u0161us<\/a><\/p>\n<p><a href=\"https:\/\/mebelunams.lv\/?product=pufs-moon\">pufu<\/a><\/p>\n<p><a href=\"https:\/\/mebelunams.lv\/?product=solins-magnezia\">soli\u0146u<\/a><\/p>\n","protected":false},"featured_media":5657,"template":"","meta":{"neve_meta_sidebar":"","neve_meta_container":"","neve_meta_enable_content_width":"off","neve_meta_content_width":70,"neve_meta_title_alignment":"","neve_meta_author_avatar":"","neve_post_elements_order":"","neve_meta_disable_header":"","neve_meta_disable_footer":"","neve_meta_disable_title":""},"product_cat":[37],"product_tag":[],"_links":{"self":[{"href":"https:\/\/mebelunams.lv\/index.php?rest_route=\/wp\/v2\/product\/13690"}],"collection":[{"href":"https:\/\/mebelunams.lv\/index.php?rest_route=\/wp\/v2\/product"}],"about":[{"href":"https:\/\/mebelunams.lv\/index.php?rest_route=\/wp\/v2\/types\/product"}],"wp:featuredmedia":[{"embeddable":true,"href":"https:\/\/mebelunams.lv\/index.php?rest_route=\/wp\/v2\/media\/5657"}],"wp:attachment":[{"href":"https:\/\/mebelunams.lv\/index.php?rest_route=%2Fwp%2Fv2%2Fmedia&parent=13690"}],"wp:term":[{"taxonomy":"product_cat","embeddable":true,"href":"https:\/\/mebelunams.lv\/index.php?rest_route=%2Fwp%2Fv2%2Fproduct_cat&post=13690"},{"taxonomy":"product_tag","embeddable":true,"href":"https:\/\/mebelunams.lv\/index.php?rest_route=%2Fwp%2Fv2%2Fproduct_tag&post=13690"}],"curies":[{"name":"wp","href":"https:\/\/api.w.org\/{rel}","templated":true}]}}