{"id":13664,"date":"2022-11-22T21:18:13","date_gmt":"2022-11-22T19:18:13","guid":{"rendered":"https:\/\/mebelunams.lv\/?post_type=product&#038;p=13664"},"modified":"2023-02-18T16:06:23","modified_gmt":"2023-02-18T14:06:23","slug":"gulta-ocaliptus-140-x-200","status":"publish","type":"product","link":"https:\/\/mebelunams.lv\/?product=gulta-ocaliptus-140-x-200","title":{"rendered":"gulta Ocaliptus 140 X 200"},"content":{"rendered":"","protected":false},"excerpt":{"rendered":"<pre id=\"tw-target-text\" class=\"tw-data-text tw-text-large XcVN5d tw-ta\" dir=\"ltr\" data-placeholder=\"Tulkojums\"><strong><span lang=\"lv\">Ocaliptus gulta ar uzkr\u012bto\u0161o l\u012bniju un nubuka izskata galvgali.\r\n\r\nOcaliptus gultas pamatne ar profilu, kas izgatavots no t\u0113rauda materi\u0101la, nodro\u0161ina dzi\u013cu mantu glab\u0101\u0161anas vietu un ir pietiekami v\u0113rien\u012bgs,\r\n lai b\u016btu pirm\u0101 izv\u0113le ikvienam, kur\u0161 v\u0113las atkl\u0101t m\u016bsdienu l\u012bniju aizraujo\u0161o efektu.<\/span><\/strong><\/pre>\n<p>Cena ir atkar\u012bga no matra\u010da izm\u0113ra. Cena nor\u0101d\u012bta par matra\u010da izm\u0113ru 140*200 cm ar pacel\u0161anas meh\u0101nismu,ve\u013cas kasti un matraci.<\/p>\n<p>Grezn,s m\u012bksts galvgalis un m\u012bkstas malas.<\/p>\n<p>Gultas pamats uz koka k\u0101j\u0101m.<\/p>\n<p>Daudzsl\u0101\u0146u matracis 35 cm augsts, ar neatkar\u012bgaj\u0101m atsper\u0113m, perimetra pastiprin\u0101jumu, ortop\u0113disku efektu.<\/p>\n<p>Papildus var pas\u016bt\u012bt:<\/p>\n<p><a href=\"https:\/\/mebelunams.lv\/?product=naktsskapitis-ocaliptus\">nakts skap\u012b\u0161us<\/a><\/p>\n<p><a href=\"https:\/\/mebelunams.lv\/?product=pufs-moon\">pufu<\/a><\/p>\n<p><a href=\"https:\/\/mebelunams.lv\/?product=solins-ocaliptus\">soli\u0146u<\/a><\/p>\n<pre id=\"tw-target-text\" class=\"tw-data-text tw-text-large XcVN5d tw-ta\" dir=\"ltr\" data-placeholder=\"Tulkojums\"><\/pre>\n","protected":false},"featured_media":5807,"template":"","meta":{"neve_meta_sidebar":"","neve_meta_container":"","neve_meta_enable_content_width":"off","neve_meta_content_width":70,"neve_meta_title_alignment":"","neve_meta_author_avatar":"","neve_post_elements_order":"","neve_meta_disable_header":"","neve_meta_disable_footer":"","neve_meta_disable_title":""},"product_cat":[37],"product_tag":[],"_links":{"self":[{"href":"https:\/\/mebelunams.lv\/index.php?rest_route=\/wp\/v2\/product\/13664"}],"collection":[{"href":"https:\/\/mebelunams.lv\/index.php?rest_route=\/wp\/v2\/product"}],"about":[{"href":"https:\/\/mebelunams.lv\/index.php?rest_route=\/wp\/v2\/types\/product"}],"wp:featuredmedia":[{"embeddable":true,"href":"https:\/\/mebelunams.lv\/index.php?rest_route=\/wp\/v2\/media\/5807"}],"wp:attachment":[{"href":"https:\/\/mebelunams.lv\/index.php?rest_route=%2Fwp%2Fv2%2Fmedia&parent=13664"}],"wp:term":[{"taxonomy":"product_cat","embeddable":true,"href":"https:\/\/mebelunams.lv\/index.php?rest_route=%2Fwp%2Fv2%2Fproduct_cat&post=13664"},{"taxonomy":"product_tag","embeddable":true,"href":"https:\/\/mebelunams.lv\/index.php?rest_route=%2Fwp%2Fv2%2Fproduct_tag&post=13664"}],"curies":[{"name":"wp","href":"https:\/\/api.w.org\/{rel}","templated":true}]}}